{"id":18,"date":"2022-09-28T16:09:55","date_gmt":"2022-09-28T14:09:55","guid":{"rendered":"http:\/\/comiteanimationtouristiquevinsobres.fr\/?page_id=18"},"modified":"2022-10-28T05:56:11","modified_gmt":"2022-10-28T03:56:11","slug":"a-propos-comite-animation-touristique-vinsobres-catv-c-a-t-v","status":"publish","type":"page","link":"https:\/\/comiteanimationtouristiquevinsobres.fr\/index.php\/a-propos-comite-animation-touristique-vinsobres-catv-c-a-t-v\/","title":{"rendered":"A PROPOS"},"content":{"rendered":"\t\t<div data-elementor-type=\"wp-page\" data-elementor-id=\"18\" class=\"elementor elementor-18\">\n\t\t\t\t\t\t<section class=\"elementor-section elementor-top-section elementor-element elementor-element-258497b elementor-section-boxed elementor-section-height-default elementor-section-height-default\" data-id=\"258497b\" data-element_type=\"section\" data-e-type=\"section\">\n\t\t\t\t\t\t<div class=\"elementor-container elementor-column-gap-default\">\n\t\t\t\t\t<div class=\"elementor-column elementor-col-100 elementor-top-column elementor-element elementor-element-f4598c5\" data-id=\"f4598c5\" data-element_type=\"column\" data-e-type=\"column\">\n\t\t\t<div class=\"elementor-widget-wrap elementor-element-populated\">\n\t\t\t\t\t\t<div class=\"elementor-element elementor-element-e3feb3b elementor-widget elementor-widget-text-editor\" data-id=\"e3feb3b\" data-element_type=\"widget\" data-e-type=\"widget\" data-widget_type=\"text-editor.default\">\n\t\t\t\t<div class=\"elementor-widget-container\">\n\t\t\t\t\t\t\t\t\t<h1>Ce site est un site d&rsquo;information en 3 langues (fran\u00e7ais, anglais et neerlandais).<\/h1><h2>Il a \u00e9t\u00e9 cr\u00e9\u00e9 pour permettre aux Vinsobraises et Vinsobrais, qu&rsquo;ils soient habitants permanents ou de passage et pour toute personne soucieuse de tout conna\u00eetre des animations touristiques organis\u00e9es tout au long de l&rsquo;ann\u00e9e dans notre joli village de Vinsobres.<\/h2><h2>Il offre un survol des manifestations qui ont d\u00e9j\u00e0 eu lieu (rendez-vous sur la page \u00a0\u00bb <em><strong>C&rsquo;est d\u00e9j\u00e0 pass\u00e9 !<\/strong><\/em>\u00ab\u00a0) et surtout de savoir o\u00f9 et quand aura lieu la prochaine animation et cela d\u00e8s la page d&rsquo;accueil (rendez-vous ensuite sur la page \u00ab\u00a0prochainement \u00e0 Vinsobres\u00a0\u00bb).<\/h2><h2>Tout au long des pages de ce site, il suffira de cliquer sur les mots soulign\u00e9s pour obtenir un compl\u00e9ment d&rsquo;information.<\/h2>\t\t\t\t\t\t\t\t<\/div>\n\t\t\t\t<\/div>\n\t\t\t\t\t<\/div>\n\t\t<\/div>\n\t\t\t\t\t<\/div>\n\t\t<\/section>\n\t\t\t\t<section class=\"elementor-section elementor-top-section elementor-element elementor-element-11da7af elementor-section-boxed elementor-section-height-default elementor-section-height-default\" data-id=\"11da7af\" data-element_type=\"section\" data-e-type=\"section\">\n\t\t\t\t\t\t<div class=\"elementor-container elementor-column-gap-default\">\n\t\t\t\t\t<div class=\"elementor-column elementor-col-100 elementor-top-column elementor-element elementor-element-611f416\" data-id=\"611f416\" data-element_type=\"column\" data-e-type=\"column\">\n\t\t\t<div class=\"elementor-widget-wrap elementor-element-populated\">\n\t\t\t\t\t\t<div class=\"elementor-element elementor-element-ca769d3 elementor-align-center elementor-widget elementor-widget-button\" data-id=\"ca769d3\" data-element_type=\"widget\" data-e-type=\"widget\" data-widget_type=\"button.default\">\n\t\t\t\t<div class=\"elementor-widget-container\">\n\t\t\t\t\t\t\t\t\t<div class=\"elementor-button-wrapper\">\n\t\t\t\t\t<a class=\"elementor-button elementor-button-link elementor-size-md\" href=\"http:\/\/comiteanimationtouristiquevinsobres.fr\/\">\n\t\t\t\t\t\t<span class=\"elementor-button-content-wrapper\">\n\t\t\t\t\t\t\t\t\t<span class=\"elementor-button-text\">Retour Accueil<\/span>\n\t\t\t\t\t<\/span>\n\t\t\t\t\t<\/a>\n\t\t\t\t<\/div>\n\t\t\t\t\t\t\t\t<\/div>\n\t\t\t\t<\/div>\n\t\t\t\t\t<\/div>\n\t\t<\/div>\n\t\t\t\t\t<\/div>\n\t\t<\/section>\n\t\t\t\t<\/div>\n\t\t","protected":false},"excerpt":{"rendered":"<p>Ce site est un site d&rsquo;information en 3 langues (fran\u00e7ais, anglais et neerlandais). Il a \u00e9t\u00e9 cr\u00e9\u00e9 pour permettre aux Vinsobraises et Vinsobrais, qu&rsquo;ils soient habitants permanents ou de passage et pour toute personne soucieuse de tout conna\u00eetre des animations touristiques organis\u00e9es tout au long de l&rsquo;ann\u00e9e dans notre joli village de Vinsobres. Il offre [&hellip;]<\/p>\n","protected":false},"author":3,"featured_media":0,"parent":0,"menu_order":0,"comment_status":"closed","ping_status":"closed","template":"","meta":{"ocean_post_layout":"","ocean_both_sidebars_style":"","ocean_both_sidebars_content_width":0,"ocean_both_sidebars_sidebars_width":0,"ocean_sidebar":"0","ocean_second_sidebar":"0","ocean_disable_margins":"enable","ocean_add_body_class":"","ocean_shortcode_before_top_bar":"","ocean_shortcode_after_top_bar":"","ocean_shortcode_before_header":"","ocean_shortcode_after_header":"","ocean_has_shortcode":"","ocean_shortcode_after_title":"","ocean_shortcode_before_footer_widgets":"","ocean_shortcode_after_footer_widgets":"","ocean_shortcode_before_footer_bottom":"","ocean_shortcode_after_footer_bottom":"","ocean_display_top_bar":"default","ocean_display_header":"default","ocean_header_style":"","ocean_center_header_left_menu":"0","ocean_custom_header_template":"0","ocean_custom_logo":0,"ocean_custom_retina_logo":0,"ocean_custom_logo_max_width":0,"ocean_custom_logo_tablet_max_width":0,"ocean_custom_logo_mobile_max_width":0,"ocean_custom_logo_max_height":0,"ocean_custom_logo_tablet_max_height":0,"ocean_custom_logo_mobile_max_height":0,"ocean_header_custom_menu":"0","ocean_menu_typo_font_family":"0","ocean_menu_typo_font_subset":"","ocean_menu_typo_font_size":0,"ocean_menu_typo_font_size_tablet":0,"ocean_menu_typo_font_size_mobile":0,"ocean_menu_typo_font_size_unit":"px","ocean_menu_typo_font_weight":"","ocean_menu_typo_font_weight_tablet":"","ocean_menu_typo_font_weight_mobile":"","ocean_menu_typo_transform":"","ocean_menu_typo_transform_tablet":"","ocean_menu_typo_transform_mobile":"","ocean_menu_typo_line_height":0,"ocean_menu_typo_line_height_tablet":0,"ocean_menu_typo_line_height_mobile":0,"ocean_menu_typo_line_height_unit":"","ocean_menu_typo_spacing":0,"ocean_menu_typo_spacing_tablet":0,"ocean_menu_typo_spacing_mobile":0,"ocean_menu_typo_spacing_unit":"","ocean_menu_link_color":"","ocean_menu_link_color_hover":"","ocean_menu_link_color_active":"","ocean_menu_link_background":"","ocean_menu_link_hover_background":"","ocean_menu_link_active_background":"","ocean_menu_social_links_bg":"","ocean_menu_social_hover_links_bg":"","ocean_menu_social_links_color":"","ocean_menu_social_hover_links_color":"","ocean_disable_title":"default","ocean_disable_heading":"default","ocean_post_title":"","ocean_post_subheading":"","ocean_post_title_style":"","ocean_post_title_background_color":"","ocean_post_title_background":0,"ocean_post_title_bg_image_position":"","ocean_post_title_bg_image_attachment":"","ocean_post_title_bg_image_repeat":"","ocean_post_title_bg_image_size":"","ocean_post_title_height":0,"ocean_post_title_bg_overlay":0.5,"ocean_post_title_bg_overlay_color":"","ocean_disable_breadcrumbs":"default","ocean_breadcrumbs_color":"","ocean_breadcrumbs_separator_color":"","ocean_breadcrumbs_links_color":"","ocean_breadcrumbs_links_hover_color":"","ocean_display_footer_widgets":"default","ocean_display_footer_bottom":"default","ocean_custom_footer_template":"0","footnotes":""},"class_list":["post-18","page","type-page","status-publish","hentry","entry"],"yoast_head":"<!-- This site is optimized with the Yoast SEO plugin v27.2 - https:\/\/yoast.com\/product\/yoast-seo-wordpress\/ -->\n<title>\u00e0 propos du site du comit\u00e9 d&#039;animation touristique de vinsobres<\/title>\n<meta name=\"description\" content=\"Une pr\u00e9sentation du site et de son objectif qui est la pr\u00e9sentation du C.A.T.V. et des ses activit\u00e9s.\" \/>\n<meta name=\"robots\" content=\"index, follow, max-snippet:-1, max-image-preview:large, max-video-preview:-1\" \/>\n<link rel=\"canonical\" href=\"https:\/\/comiteanimationtouristiquevinsobres.fr\/index.php\/a-propos-comite-animation-touristique-vinsobres-catv-c-a-t-v\/\" \/>\n<meta property=\"og:locale\" content=\"fr_FR\" \/>\n<meta property=\"og:type\" content=\"article\" \/>\n<meta property=\"og:title\" content=\"\u00e0 propos du site du comit\u00e9 d&#039;animation touristique de vinsobres\" \/>\n<meta property=\"og:description\" content=\"Une pr\u00e9sentation du site et de son objectif qui est la pr\u00e9sentation du C.A.T.V. et des ses activit\u00e9s.\" \/>\n<meta property=\"og:url\" content=\"https:\/\/comiteanimationtouristiquevinsobres.fr\/index.php\/a-propos-comite-animation-touristique-vinsobres-catv-c-a-t-v\/\" \/>\n<meta property=\"og:site_name\" content=\"Comit\u00e9 d&#039;Animation Touristique de Vinsobres\" \/>\n<meta property=\"article:modified_time\" content=\"2022-10-28T03:56:11+00:00\" \/>\n<meta name=\"twitter:card\" content=\"summary_large_image\" \/>\n<meta name=\"twitter:label1\" content=\"Dur\u00e9e de lecture estim\u00e9e\" \/>\n\t<meta name=\"twitter:data1\" content=\"1 minute\" \/>\n<script type=\"application\/ld+json\" class=\"yoast-schema-graph\">{\"@context\":\"https:\/\/schema.org\",\"@graph\":[{\"@type\":\"WebPage\",\"@id\":\"https:\/\/comiteanimationtouristiquevinsobres.fr\/index.php\/a-propos-comite-animation-touristique-vinsobres-catv-c-a-t-v\/\",\"url\":\"https:\/\/comiteanimationtouristiquevinsobres.fr\/index.php\/a-propos-comite-animation-touristique-vinsobres-catv-c-a-t-v\/\",\"name\":\"\u00e0 propos du site du comit\u00e9 d'animation touristique de vinsobres\",\"isPartOf\":{\"@id\":\"https:\/\/comiteanimationtouristiquevinsobres.fr\/#website\"},\"datePublished\":\"2022-09-28T14:09:55+00:00\",\"dateModified\":\"2022-10-28T03:56:11+00:00\",\"description\":\"Une pr\u00e9sentation du site et de son objectif qui est la pr\u00e9sentation du C.A.T.V. et des ses activit\u00e9s.\",\"breadcrumb\":{\"@id\":\"https:\/\/comiteanimationtouristiquevinsobres.fr\/index.php\/a-propos-comite-animation-touristique-vinsobres-catv-c-a-t-v\/#breadcrumb\"},\"inLanguage\":\"fr-FR\",\"potentialAction\":[{\"@type\":\"ReadAction\",\"target\":[\"https:\/\/comiteanimationtouristiquevinsobres.fr\/index.php\/a-propos-comite-animation-touristique-vinsobres-catv-c-a-t-v\/\"]}]},{\"@type\":\"BreadcrumbList\",\"@id\":\"https:\/\/comiteanimationtouristiquevinsobres.fr\/index.php\/a-propos-comite-animation-touristique-vinsobres-catv-c-a-t-v\/#breadcrumb\",\"itemListElement\":[{\"@type\":\"ListItem\",\"position\":1,\"name\":\"Accueil\",\"item\":\"https:\/\/comiteanimationtouristiquevinsobres.fr\/\"},{\"@type\":\"ListItem\",\"position\":2,\"name\":\"A PROPOS\"}]},{\"@type\":\"WebSite\",\"@id\":\"https:\/\/comiteanimationtouristiquevinsobres.fr\/#website\",\"url\":\"https:\/\/comiteanimationtouristiquevinsobres.fr\/\",\"name\":\"Comit\u00e9 d&#039;Animation Touristique de Vinsobres\",\"description\":\"Une pr\u00e9sentation de toutes les activit\u00e9s annuelles organis\u00e9es par le comit\u00e9 pour les touristes  \u00e0 Vinsobres\",\"publisher\":{\"@id\":\"https:\/\/comiteanimationtouristiquevinsobres.fr\/#organization\"},\"alternateName\":\"CATV Vinsobres\",\"potentialAction\":[{\"@type\":\"SearchAction\",\"target\":{\"@type\":\"EntryPoint\",\"urlTemplate\":\"https:\/\/comiteanimationtouristiquevinsobres.fr\/?s={search_term_string}\"},\"query-input\":{\"@type\":\"PropertyValueSpecification\",\"valueRequired\":true,\"valueName\":\"search_term_string\"}}],\"inLanguage\":\"fr-FR\"},{\"@type\":\"Organization\",\"@id\":\"https:\/\/comiteanimationtouristiquevinsobres.fr\/#organization\",\"name\":\"comit\u00e9 d'animation touristique de Vinsobres\",\"alternateName\":\"CATV\",\"url\":\"https:\/\/comiteanimationtouristiquevinsobres.fr\/\",\"logo\":{\"@type\":\"ImageObject\",\"inLanguage\":\"fr-FR\",\"@id\":\"https:\/\/comiteanimationtouristiquevinsobres.fr\/#\/schema\/logo\/image\/\",\"url\":\"http:\/\/comiteanimationtouristiquevinsobres.fr\/wp-content\/uploads\/2022\/09\/cropped-logo-CATV.png\",\"contentUrl\":\"http:\/\/comiteanimationtouristiquevinsobres.fr\/wp-content\/uploads\/2022\/09\/cropped-logo-CATV.png\",\"width\":807,\"height\":554,\"caption\":\"comit\u00e9 d'animation touristique de Vinsobres\"},\"image\":{\"@id\":\"https:\/\/comiteanimationtouristiquevinsobres.fr\/#\/schema\/logo\/image\/\"}}]}<\/script>\n<!-- \/ Yoast SEO plugin. -->","yoast_head_json":{"title":"\u00e0 propos du site du comit\u00e9 d'animation touristique de vinsobres","description":"Une pr\u00e9sentation du site et de son objectif qui est la pr\u00e9sentation du C.A.T.V. et des ses activit\u00e9s.","robots":{"index":"index","follow":"follow","max-snippet":"max-snippet:-1","max-image-preview":"max-image-preview:large","max-video-preview":"max-video-preview:-1"},"canonical":"https:\/\/comiteanimationtouristiquevinsobres.fr\/index.php\/a-propos-comite-animation-touristique-vinsobres-catv-c-a-t-v\/","og_locale":"fr_FR","og_type":"article","og_title":"\u00e0 propos du site du comit\u00e9 d'animation touristique de vinsobres","og_description":"Une pr\u00e9sentation du site et de son objectif qui est la pr\u00e9sentation du C.A.T.V. et des ses activit\u00e9s.","og_url":"https:\/\/comiteanimationtouristiquevinsobres.fr\/index.php\/a-propos-comite-animation-touristique-vinsobres-catv-c-a-t-v\/","og_site_name":"Comit\u00e9 d&#039;Animation Touristique de Vinsobres","article_modified_time":"2022-10-28T03:56:11+00:00","twitter_card":"summary_large_image","twitter_misc":{"Dur\u00e9e de lecture estim\u00e9e":"1 minute"},"schema":{"@context":"https:\/\/schema.org","@graph":[{"@type":"WebPage","@id":"https:\/\/comiteanimationtouristiquevinsobres.fr\/index.php\/a-propos-comite-animation-touristique-vinsobres-catv-c-a-t-v\/","url":"https:\/\/comiteanimationtouristiquevinsobres.fr\/index.php\/a-propos-comite-animation-touristique-vinsobres-catv-c-a-t-v\/","name":"\u00e0 propos du site du comit\u00e9 d'animation touristique de vinsobres","isPartOf":{"@id":"https:\/\/comiteanimationtouristiquevinsobres.fr\/#website"},"datePublished":"2022-09-28T14:09:55+00:00","dateModified":"2022-10-28T03:56:11+00:00","description":"Une pr\u00e9sentation du site et de son objectif qui est la pr\u00e9sentation du C.A.T.V. et des ses activit\u00e9s.","breadcrumb":{"@id":"https:\/\/comiteanimationtouristiquevinsobres.fr\/index.php\/a-propos-comite-animation-touristique-vinsobres-catv-c-a-t-v\/#breadcrumb"},"inLanguage":"fr-FR","potentialAction":[{"@type":"ReadAction","target":["https:\/\/comiteanimationtouristiquevinsobres.fr\/index.php\/a-propos-comite-animation-touristique-vinsobres-catv-c-a-t-v\/"]}]},{"@type":"BreadcrumbList","@id":"https:\/\/comiteanimationtouristiquevinsobres.fr\/index.php\/a-propos-comite-animation-touristique-vinsobres-catv-c-a-t-v\/#breadcrumb","itemListElement":[{"@type":"ListItem","position":1,"name":"Accueil","item":"https:\/\/comiteanimationtouristiquevinsobres.fr\/"},{"@type":"ListItem","position":2,"name":"A PROPOS"}]},{"@type":"WebSite","@id":"https:\/\/comiteanimationtouristiquevinsobres.fr\/#website","url":"https:\/\/comiteanimationtouristiquevinsobres.fr\/","name":"Comit\u00e9 d&#039;Animation Touristique de Vinsobres","description":"Une pr\u00e9sentation de toutes les activit\u00e9s annuelles organis\u00e9es par le comit\u00e9 pour les touristes  \u00e0 Vinsobres","publisher":{"@id":"https:\/\/comiteanimationtouristiquevinsobres.fr\/#organization"},"alternateName":"CATV Vinsobres","potentialAction":[{"@type":"SearchAction","target":{"@type":"EntryPoint","urlTemplate":"https:\/\/comiteanimationtouristiquevinsobres.fr\/?s={search_term_string}"},"query-input":{"@type":"PropertyValueSpecification","valueRequired":true,"valueName":"search_term_string"}}],"inLanguage":"fr-FR"},{"@type":"Organization","@id":"https:\/\/comiteanimationtouristiquevinsobres.fr\/#organization","name":"comit\u00e9 d'animation touristique de Vinsobres","alternateName":"CATV","url":"https:\/\/comiteanimationtouristiquevinsobres.fr\/","logo":{"@type":"ImageObject","inLanguage":"fr-FR","@id":"https:\/\/comiteanimationtouristiquevinsobres.fr\/#\/schema\/logo\/image\/","url":"http:\/\/comiteanimationtouristiquevinsobres.fr\/wp-content\/uploads\/2022\/09\/cropped-logo-CATV.png","contentUrl":"http:\/\/comiteanimationtouristiquevinsobres.fr\/wp-content\/uploads\/2022\/09\/cropped-logo-CATV.png","width":807,"height":554,"caption":"comit\u00e9 d'animation touristique de Vinsobres"},"image":{"@id":"https:\/\/comiteanimationtouristiquevinsobres.fr\/#\/schema\/logo\/image\/"}}]}},"_links":{"self":[{"href":"https:\/\/comiteanimationtouristiquevinsobres.fr\/index.php\/wp-json\/wp\/v2\/pages\/18","targetHints":{"allow":["GET"]}}],"collection":[{"href":"https:\/\/comiteanimationtouristiquevinsobres.fr\/index.php\/wp-json\/wp\/v2\/pages"}],"about":[{"href":"https:\/\/comiteanimationtouristiquevinsobres.fr\/index.php\/wp-json\/wp\/v2\/types\/page"}],"author":[{"embeddable":true,"href":"https:\/\/comiteanimationtouristiquevinsobres.fr\/index.php\/wp-json\/wp\/v2\/users\/3"}],"replies":[{"embeddable":true,"href":"https:\/\/comiteanimationtouristiquevinsobres.fr\/index.php\/wp-json\/wp\/v2\/comments?post=18"}],"version-history":[{"count":30,"href":"https:\/\/comiteanimationtouristiquevinsobres.fr\/index.php\/wp-json\/wp\/v2\/pages\/18\/revisions"}],"predecessor-version":[{"id":1224,"href":"https:\/\/comiteanimationtouristiquevinsobres.fr\/index.php\/wp-json\/wp\/v2\/pages\/18\/revisions\/1224"}],"wp:attachment":[{"href":"https:\/\/comiteanimationtouristiquevinsobres.fr\/index.php\/wp-json\/wp\/v2\/media?parent=18"}],"curies":[{"name":"wp","href":"https:\/\/api.w.org\/{rel}","templated":true}]}}