{"id":164,"date":"2022-09-30T07:24:16","date_gmt":"2022-09-30T05:24:16","guid":{"rendered":"http:\/\/comiteanimationtouristiquevinsobres.fr\/?page_id=164"},"modified":"2024-06-23T17:37:08","modified_gmt":"2024-06-23T15:37:08","slug":"prochainement-vinsobres-animations-evenements-tourisme","status":"publish","type":"page","link":"https:\/\/comiteanimationtouristiquevinsobres.fr\/index.php\/prochainement-vinsobres-animations-evenements-tourisme\/","title":{"rendered":"Prochainement \u00e0 Vinsobres !"},"content":{"rendered":"\t\t<div data-elementor-type=\"wp-page\" data-elementor-id=\"164\" class=\"elementor elementor-164\">\n\t\t\t\t\t\t<section class=\"elementor-section elementor-top-section elementor-element elementor-element-e0bd256 elementor-section-boxed elementor-section-height-default elementor-section-height-default\" data-id=\"e0bd256\" data-element_type=\"section\" data-e-type=\"section\">\n\t\t\t\t\t\t<div class=\"elementor-container elementor-column-gap-default\">\n\t\t\t\t\t<div class=\"elementor-column elementor-col-100 elementor-top-column elementor-element elementor-element-d6b0229\" data-id=\"d6b0229\" data-element_type=\"column\" data-e-type=\"column\">\n\t\t\t<div class=\"elementor-widget-wrap elementor-element-populated\">\n\t\t\t\t\t\t<div class=\"elementor-element elementor-element-cf9ce44 elementor-widget elementor-widget-heading\" data-id=\"cf9ce44\" data-element_type=\"widget\" data-e-type=\"widget\" data-widget_type=\"heading.default\">\n\t\t\t\t<div class=\"elementor-widget-container\">\n\t\t\t\t\t<h2 class=\"elementor-heading-title elementor-size-xl\">Mai 2024<\/h2>\t\t\t\t<\/div>\n\t\t\t\t<\/div>\n\t\t\t\t<div class=\"elementor-element elementor-element-af86e06 elementor-widget elementor-widget-text-editor\" data-id=\"af86e06\" data-element_type=\"widget\" data-e-type=\"widget\" data-widget_type=\"text-editor.default\">\n\t\t\t\t<div class=\"elementor-widget-container\">\n\t\t\t\t\t\t\t\t\t<h2>&#8211; Dimanche 19 mai Le C.A.T.V. organise sa traditionnelle Balade Gourmande des terroirs de Vinsobres.<\/h2><h2>Cette balade p\u00e9destre originale Non Accompagn\u00e9e vous permettra de visiter un charmant village en Dr\u00f4me Proven\u00e7ale entour\u00e9 de son terroir class\u00e9 Cru des C\u00f4tes du Rh\u00f4ne.<\/h2>\t\t\t\t\t\t\t\t<\/div>\n\t\t\t\t<\/div>\n\t\t\t\t\t<\/div>\n\t\t<\/div>\n\t\t\t\t\t<\/div>\n\t\t<\/section>\n\t\t\t\t<section class=\"elementor-section elementor-top-section elementor-element elementor-element-dcaa89c elementor-section-boxed elementor-section-height-default elementor-section-height-default\" data-id=\"dcaa89c\" data-element_type=\"section\" data-e-type=\"section\">\n\t\t\t\t\t\t<div class=\"elementor-container elementor-column-gap-default\">\n\t\t\t\t\t<div class=\"elementor-column elementor-col-100 elementor-top-column elementor-element elementor-element-e9a7653\" data-id=\"e9a7653\" data-element_type=\"column\" data-e-type=\"column\">\n\t\t\t<div class=\"elementor-widget-wrap elementor-element-populated\">\n\t\t\t\t\t\t<div class=\"elementor-element elementor-element-dfacbde elementor-widget elementor-widget-heading\" data-id=\"dfacbde\" data-element_type=\"widget\" data-e-type=\"widget\" data-widget_type=\"heading.default\">\n\t\t\t\t<div class=\"elementor-widget-container\">\n\t\t\t\t\t<h2 class=\"elementor-heading-title elementor-size-xl\">F\u00e9vrier 2024<\/h2>\t\t\t\t<\/div>\n\t\t\t\t<\/div>\n\t\t\t\t<div class=\"elementor-element elementor-element-9f04fdb elementor-widget elementor-widget-text-editor\" data-id=\"9f04fdb\" data-element_type=\"widget\" data-e-type=\"widget\" data-widget_type=\"text-editor.default\">\n\t\t\t\t<div class=\"elementor-widget-container\">\n\t\t\t\t\t\t\t\t\t<h2><span style=\"color: #0000ff;\">Le temps de vivre<\/span> organise son concours de belote annuel le\u00a0 :<\/h2><h2>&#8211;<span style=\"color: #ff0000;\"> Samedi 10 f\u00e9vrier\u00a0 \u00e0 14 H<\/span> \u00e0 la salle polyvalente.<\/h2><h2>Venez\u00a0rencontrer<span style=\"color: #0000ff;\">\u00a0les\u00a0jeunes Vinsobrais<\/span> le :<\/h2><h2>&#8211; <span style=\"color: #ff0000;\">Samedi 10 f\u00e9vrier<\/span>\u00a0 \u00e0 la salle des f\u00eates de Vinsobres.<\/h2><h2>Ils vous pr\u00e9pareront des cr\u00eapes et autres\u2026 il y a aura des Quiz pour jeunes et moins jeunes et des jeux, des boissons chaudes et autres.<\/h2><h2><span style=\"color: #0000ff;\">L&rsquo;Histoire en partage<\/span> vous propose\u00a0une conf\u00e9rence le\u00a0 :<\/h2><h2>&#8211; <span style=\"color: #ff0000;\">Vendredi 16 f\u00e9vrier \u00e0 18h30<\/span> salle polyvalente.<\/h2><h2>\u00a0\u00bb l&rsquo;histoire des paquebots fran\u00e7ais de la Compagnie G\u00e9n\u00e9rale Transatlantique (french line) &#8211; sur la ligne de l&rsquo;Atlantique Nord- du Louisiane au France III\u201c par Dirk Van Geertruy\u201d.<\/h2><h2>\u00a0<\/h2>\t\t\t\t\t\t\t\t<\/div>\n\t\t\t\t<\/div>\n\t\t\t\t\t<\/div>\n\t\t<\/div>\n\t\t\t\t\t<\/div>\n\t\t<\/section>\n\t\t\t\t<section class=\"elementor-section elementor-top-section elementor-element elementor-element-ccc19af elementor-section-boxed elementor-section-height-default elementor-section-height-default\" data-id=\"ccc19af\" data-element_type=\"section\" data-e-type=\"section\">\n\t\t\t\t\t\t<div class=\"elementor-container elementor-column-gap-default\">\n\t\t\t\t\t<div class=\"elementor-column elementor-col-100 elementor-top-column elementor-element elementor-element-bd9cb46\" data-id=\"bd9cb46\" data-element_type=\"column\" data-e-type=\"column\">\n\t\t\t<div class=\"elementor-widget-wrap\">\n\t\t\t\t\t\t\t<\/div>\n\t\t<\/div>\n\t\t\t\t\t<\/div>\n\t\t<\/section>\n\t\t\t\t<\/div>\n\t\t","protected":false},"excerpt":{"rendered":"<p>Mai 2024 &#8211; Dimanche 19 mai Le C.A.T.V. organise sa traditionnelle Balade Gourmande des terroirs de Vinsobres. Cette balade p\u00e9destre originale Non Accompagn\u00e9e vous permettra de visiter un charmant village en Dr\u00f4me Proven\u00e7ale entour\u00e9 de son terroir class\u00e9 Cru des C\u00f4tes du Rh\u00f4ne. F\u00e9vrier 2024 Le temps de vivre organise son concours de belote annuel [&hellip;]<\/p>\n","protected":false},"author":3,"featured_media":0,"parent":0,"menu_order":0,"comment_status":"closed","ping_status":"closed","template":"","meta":{"ocean_post_layout":"","ocean_both_sidebars_style":"","ocean_both_sidebars_content_width":0,"ocean_both_sidebars_sidebars_width":0,"ocean_sidebar":"0","ocean_second_sidebar":"0","ocean_disable_margins":"enable","ocean_add_body_class":"","ocean_shortcode_before_top_bar":"","ocean_shortcode_after_top_bar":"","ocean_shortcode_before_header":"","ocean_shortcode_after_header":"","ocean_has_shortcode":"","ocean_shortcode_after_title":"","ocean_shortcode_before_footer_widgets":"","ocean_shortcode_after_footer_widgets":"","ocean_shortcode_before_footer_bottom":"","ocean_shortcode_after_footer_bottom":"","ocean_display_top_bar":"default","ocean_display_header":"default","ocean_header_style":"","ocean_center_header_left_menu":"0","ocean_custom_header_template":"0","ocean_custom_logo":0,"ocean_custom_retina_logo":0,"ocean_custom_logo_max_width":0,"ocean_custom_logo_tablet_max_width":0,"ocean_custom_logo_mobile_max_width":0,"ocean_custom_logo_max_height":0,"ocean_custom_logo_tablet_max_height":0,"ocean_custom_logo_mobile_max_height":0,"ocean_header_custom_menu":"0","ocean_menu_typo_font_family":"0","ocean_menu_typo_font_subset":"","ocean_menu_typo_font_size":0,"ocean_menu_typo_font_size_tablet":0,"ocean_menu_typo_font_size_mobile":0,"ocean_menu_typo_font_size_unit":"px","ocean_menu_typo_font_weight":"","ocean_menu_typo_font_weight_tablet":"","ocean_menu_typo_font_weight_mobile":"","ocean_menu_typo_transform":"","ocean_menu_typo_transform_tablet":"","ocean_menu_typo_transform_mobile":"","ocean_menu_typo_line_height":0,"ocean_menu_typo_line_height_tablet":0,"ocean_menu_typo_line_height_mobile":0,"ocean_menu_typo_line_height_unit":"","ocean_menu_typo_spacing":0,"ocean_menu_typo_spacing_tablet":0,"ocean_menu_typo_spacing_mobile":0,"ocean_menu_typo_spacing_unit":"","ocean_menu_link_color":"","ocean_menu_link_color_hover":"","ocean_menu_link_color_active":"","ocean_menu_link_background":"","ocean_menu_link_hover_background":"","ocean_menu_link_active_background":"","ocean_menu_social_links_bg":"","ocean_menu_social_hover_links_bg":"","ocean_menu_social_links_color":"","ocean_menu_social_hover_links_color":"","ocean_disable_title":"default","ocean_disable_heading":"default","ocean_post_title":"","ocean_post_subheading":"","ocean_post_title_style":"","ocean_post_title_background_color":"","ocean_post_title_background":0,"ocean_post_title_bg_image_position":"","ocean_post_title_bg_image_attachment":"","ocean_post_title_bg_image_repeat":"","ocean_post_title_bg_image_size":"","ocean_post_title_height":0,"ocean_post_title_bg_overlay":0.5,"ocean_post_title_bg_overlay_color":"","ocean_disable_breadcrumbs":"default","ocean_breadcrumbs_color":"","ocean_breadcrumbs_separator_color":"","ocean_breadcrumbs_links_color":"","ocean_breadcrumbs_links_hover_color":"","ocean_display_footer_widgets":"default","ocean_display_footer_bottom":"default","ocean_custom_footer_template":"0","footnotes":""},"class_list":["post-164","page","type-page","status-publish","hentry","entry"],"yoast_head":"<!-- This site is optimized with the Yoast SEO plugin v27.3 - https:\/\/yoast.com\/product\/yoast-seo-wordpress\/ -->\n<title>Prochainement \u00e0 Vinsobres<\/title>\n<meta name=\"description\" content=\"Les activit\u00e9s et animations touristiques propos\u00e9es par le C.A.T.V. et les autres associations vinsobraises en 2022-2023.\" \/>\n<meta name=\"robots\" content=\"index, follow, max-snippet:-1, max-image-preview:large, max-video-preview:-1\" \/>\n<link rel=\"canonical\" href=\"https:\/\/comiteanimationtouristiquevinsobres.fr\/index.php\/prochainement-vinsobres-animations-evenements-tourisme\/\" \/>\n<meta property=\"og:locale\" content=\"fr_FR\" \/>\n<meta property=\"og:type\" content=\"article\" \/>\n<meta property=\"og:title\" content=\"Prochainement \u00e0 Vinsobres\" \/>\n<meta property=\"og:description\" content=\"Les activit\u00e9s et animations touristiques propos\u00e9es par le C.A.T.V. et les autres associations vinsobraises en 2022-2023.\" \/>\n<meta property=\"og:url\" content=\"https:\/\/comiteanimationtouristiquevinsobres.fr\/index.php\/prochainement-vinsobres-animations-evenements-tourisme\/\" \/>\n<meta property=\"og:site_name\" content=\"Comit\u00e9 d&#039;Animation Touristique de Vinsobres\" \/>\n<meta property=\"article:modified_time\" content=\"2024-06-23T15:37:08+00:00\" \/>\n<meta name=\"twitter:card\" content=\"summary_large_image\" \/>\n<meta name=\"twitter:label1\" content=\"Dur\u00e9e de lecture estim\u00e9e\" \/>\n\t<meta name=\"twitter:data1\" content=\"1 minute\" \/>\n<script type=\"application\/ld+json\" class=\"yoast-schema-graph\">{\"@context\":\"https:\\\/\\\/schema.org\",\"@graph\":[{\"@type\":\"WebPage\",\"@id\":\"https:\\\/\\\/comiteanimationtouristiquevinsobres.fr\\\/index.php\\\/prochainement-vinsobres-animations-evenements-tourisme\\\/\",\"url\":\"https:\\\/\\\/comiteanimationtouristiquevinsobres.fr\\\/index.php\\\/prochainement-vinsobres-animations-evenements-tourisme\\\/\",\"name\":\"Prochainement \u00e0 Vinsobres\",\"isPartOf\":{\"@id\":\"https:\\\/\\\/comiteanimationtouristiquevinsobres.fr\\\/#website\"},\"datePublished\":\"2022-09-30T05:24:16+00:00\",\"dateModified\":\"2024-06-23T15:37:08+00:00\",\"description\":\"Les activit\u00e9s et animations touristiques propos\u00e9es par le C.A.T.V. et les autres associations vinsobraises en 2022-2023.\",\"breadcrumb\":{\"@id\":\"https:\\\/\\\/comiteanimationtouristiquevinsobres.fr\\\/index.php\\\/prochainement-vinsobres-animations-evenements-tourisme\\\/#breadcrumb\"},\"inLanguage\":\"fr-FR\",\"potentialAction\":[{\"@type\":\"ReadAction\",\"target\":[\"https:\\\/\\\/comiteanimationtouristiquevinsobres.fr\\\/index.php\\\/prochainement-vinsobres-animations-evenements-tourisme\\\/\"]}]},{\"@type\":\"BreadcrumbList\",\"@id\":\"https:\\\/\\\/comiteanimationtouristiquevinsobres.fr\\\/index.php\\\/prochainement-vinsobres-animations-evenements-tourisme\\\/#breadcrumb\",\"itemListElement\":[{\"@type\":\"ListItem\",\"position\":1,\"name\":\"Accueil\",\"item\":\"https:\\\/\\\/comiteanimationtouristiquevinsobres.fr\\\/\"},{\"@type\":\"ListItem\",\"position\":2,\"name\":\"Prochainement \u00e0 Vinsobres !\"}]},{\"@type\":\"WebSite\",\"@id\":\"https:\\\/\\\/comiteanimationtouristiquevinsobres.fr\\\/#website\",\"url\":\"https:\\\/\\\/comiteanimationtouristiquevinsobres.fr\\\/\",\"name\":\"Comit\u00e9 d&#039;Animation Touristique de Vinsobres\",\"description\":\"Une pr\u00e9sentation de toutes les activit\u00e9s annuelles organis\u00e9es par le comit\u00e9 pour les touristes  \u00e0 Vinsobres\",\"publisher\":{\"@id\":\"https:\\\/\\\/comiteanimationtouristiquevinsobres.fr\\\/#organization\"},\"alternateName\":\"CATV Vinsobres\",\"potentialAction\":[{\"@type\":\"SearchAction\",\"target\":{\"@type\":\"EntryPoint\",\"urlTemplate\":\"https:\\\/\\\/comiteanimationtouristiquevinsobres.fr\\\/?s={search_term_string}\"},\"query-input\":{\"@type\":\"PropertyValueSpecification\",\"valueRequired\":true,\"valueName\":\"search_term_string\"}}],\"inLanguage\":\"fr-FR\"},{\"@type\":\"Organization\",\"@id\":\"https:\\\/\\\/comiteanimationtouristiquevinsobres.fr\\\/#organization\",\"name\":\"comit\u00e9 d'animation touristique de Vinsobres\",\"alternateName\":\"CATV\",\"url\":\"https:\\\/\\\/comiteanimationtouristiquevinsobres.fr\\\/\",\"logo\":{\"@type\":\"ImageObject\",\"inLanguage\":\"fr-FR\",\"@id\":\"https:\\\/\\\/comiteanimationtouristiquevinsobres.fr\\\/#\\\/schema\\\/logo\\\/image\\\/\",\"url\":\"http:\\\/\\\/comiteanimationtouristiquevinsobres.fr\\\/wp-content\\\/uploads\\\/2022\\\/09\\\/cropped-logo-CATV.png\",\"contentUrl\":\"http:\\\/\\\/comiteanimationtouristiquevinsobres.fr\\\/wp-content\\\/uploads\\\/2022\\\/09\\\/cropped-logo-CATV.png\",\"width\":807,\"height\":554,\"caption\":\"comit\u00e9 d'animation touristique de Vinsobres\"},\"image\":{\"@id\":\"https:\\\/\\\/comiteanimationtouristiquevinsobres.fr\\\/#\\\/schema\\\/logo\\\/image\\\/\"}}]}<\/script>\n<!-- \/ Yoast SEO plugin. -->","yoast_head_json":{"title":"Prochainement \u00e0 Vinsobres","description":"Les activit\u00e9s et animations touristiques propos\u00e9es par le C.A.T.V. et les autres associations vinsobraises en 2022-2023.","robots":{"index":"index","follow":"follow","max-snippet":"max-snippet:-1","max-image-preview":"max-image-preview:large","max-video-preview":"max-video-preview:-1"},"canonical":"https:\/\/comiteanimationtouristiquevinsobres.fr\/index.php\/prochainement-vinsobres-animations-evenements-tourisme\/","og_locale":"fr_FR","og_type":"article","og_title":"Prochainement \u00e0 Vinsobres","og_description":"Les activit\u00e9s et animations touristiques propos\u00e9es par le C.A.T.V. et les autres associations vinsobraises en 2022-2023.","og_url":"https:\/\/comiteanimationtouristiquevinsobres.fr\/index.php\/prochainement-vinsobres-animations-evenements-tourisme\/","og_site_name":"Comit\u00e9 d&#039;Animation Touristique de Vinsobres","article_modified_time":"2024-06-23T15:37:08+00:00","twitter_card":"summary_large_image","twitter_misc":{"Dur\u00e9e de lecture estim\u00e9e":"1 minute"},"schema":{"@context":"https:\/\/schema.org","@graph":[{"@type":"WebPage","@id":"https:\/\/comiteanimationtouristiquevinsobres.fr\/index.php\/prochainement-vinsobres-animations-evenements-tourisme\/","url":"https:\/\/comiteanimationtouristiquevinsobres.fr\/index.php\/prochainement-vinsobres-animations-evenements-tourisme\/","name":"Prochainement \u00e0 Vinsobres","isPartOf":{"@id":"https:\/\/comiteanimationtouristiquevinsobres.fr\/#website"},"datePublished":"2022-09-30T05:24:16+00:00","dateModified":"2024-06-23T15:37:08+00:00","description":"Les activit\u00e9s et animations touristiques propos\u00e9es par le C.A.T.V. et les autres associations vinsobraises en 2022-2023.","breadcrumb":{"@id":"https:\/\/comiteanimationtouristiquevinsobres.fr\/index.php\/prochainement-vinsobres-animations-evenements-tourisme\/#breadcrumb"},"inLanguage":"fr-FR","potentialAction":[{"@type":"ReadAction","target":["https:\/\/comiteanimationtouristiquevinsobres.fr\/index.php\/prochainement-vinsobres-animations-evenements-tourisme\/"]}]},{"@type":"BreadcrumbList","@id":"https:\/\/comiteanimationtouristiquevinsobres.fr\/index.php\/prochainement-vinsobres-animations-evenements-tourisme\/#breadcrumb","itemListElement":[{"@type":"ListItem","position":1,"name":"Accueil","item":"https:\/\/comiteanimationtouristiquevinsobres.fr\/"},{"@type":"ListItem","position":2,"name":"Prochainement \u00e0 Vinsobres !"}]},{"@type":"WebSite","@id":"https:\/\/comiteanimationtouristiquevinsobres.fr\/#website","url":"https:\/\/comiteanimationtouristiquevinsobres.fr\/","name":"Comit\u00e9 d&#039;Animation Touristique de Vinsobres","description":"Une pr\u00e9sentation de toutes les activit\u00e9s annuelles organis\u00e9es par le comit\u00e9 pour les touristes  \u00e0 Vinsobres","publisher":{"@id":"https:\/\/comiteanimationtouristiquevinsobres.fr\/#organization"},"alternateName":"CATV Vinsobres","potentialAction":[{"@type":"SearchAction","target":{"@type":"EntryPoint","urlTemplate":"https:\/\/comiteanimationtouristiquevinsobres.fr\/?s={search_term_string}"},"query-input":{"@type":"PropertyValueSpecification","valueRequired":true,"valueName":"search_term_string"}}],"inLanguage":"fr-FR"},{"@type":"Organization","@id":"https:\/\/comiteanimationtouristiquevinsobres.fr\/#organization","name":"comit\u00e9 d'animation touristique de Vinsobres","alternateName":"CATV","url":"https:\/\/comiteanimationtouristiquevinsobres.fr\/","logo":{"@type":"ImageObject","inLanguage":"fr-FR","@id":"https:\/\/comiteanimationtouristiquevinsobres.fr\/#\/schema\/logo\/image\/","url":"http:\/\/comiteanimationtouristiquevinsobres.fr\/wp-content\/uploads\/2022\/09\/cropped-logo-CATV.png","contentUrl":"http:\/\/comiteanimationtouristiquevinsobres.fr\/wp-content\/uploads\/2022\/09\/cropped-logo-CATV.png","width":807,"height":554,"caption":"comit\u00e9 d'animation touristique de Vinsobres"},"image":{"@id":"https:\/\/comiteanimationtouristiquevinsobres.fr\/#\/schema\/logo\/image\/"}}]}},"_links":{"self":[{"href":"https:\/\/comiteanimationtouristiquevinsobres.fr\/index.php\/wp-json\/wp\/v2\/pages\/164","targetHints":{"allow":["GET"]}}],"collection":[{"href":"https:\/\/comiteanimationtouristiquevinsobres.fr\/index.php\/wp-json\/wp\/v2\/pages"}],"about":[{"href":"https:\/\/comiteanimationtouristiquevinsobres.fr\/index.php\/wp-json\/wp\/v2\/types\/page"}],"author":[{"embeddable":true,"href":"https:\/\/comiteanimationtouristiquevinsobres.fr\/index.php\/wp-json\/wp\/v2\/users\/3"}],"replies":[{"embeddable":true,"href":"https:\/\/comiteanimationtouristiquevinsobres.fr\/index.php\/wp-json\/wp\/v2\/comments?post=164"}],"version-history":[{"count":285,"href":"https:\/\/comiteanimationtouristiquevinsobres.fr\/index.php\/wp-json\/wp\/v2\/pages\/164\/revisions"}],"predecessor-version":[{"id":4725,"href":"https:\/\/comiteanimationtouristiquevinsobres.fr\/index.php\/wp-json\/wp\/v2\/pages\/164\/revisions\/4725"}],"wp:attachment":[{"href":"https:\/\/comiteanimationtouristiquevinsobres.fr\/index.php\/wp-json\/wp\/v2\/media?parent=164"}],"curies":[{"name":"wp","href":"https:\/\/api.w.org\/{rel}","templated":true}]}}