{"id":1357,"date":"2022-10-28T15:41:53","date_gmt":"2022-10-28T13:41:53","guid":{"rendered":"http:\/\/comiteanimationtouristiquevinsobres.fr\/?page_id=1357"},"modified":"2024-02-17T16:44:18","modified_gmt":"2024-02-17T15:44:18","slug":"vinsobres-tourist-activities-committee","status":"publish","type":"page","link":"https:\/\/comiteanimationtouristiquevinsobres.fr\/index.php\/en\/vinsobres-tourist-activities-committee\/","title":{"rendered":"Vinsobres Tourist Activities Committee"},"content":{"rendered":"\t\t<div data-elementor-type=\"wp-page\" data-elementor-id=\"1357\" class=\"elementor elementor-1357\">\n\t\t\t\t\t\t<section class=\"elementor-section elementor-top-section elementor-element elementor-element-2ce5822 elementor-section-boxed elementor-section-height-default elementor-section-height-default\" data-id=\"2ce5822\" data-element_type=\"section\" data-e-type=\"section\">\n\t\t\t\t\t\t<div class=\"elementor-container elementor-column-gap-default\">\n\t\t\t\t\t<div class=\"elementor-column elementor-col-100 elementor-top-column elementor-element elementor-element-c91182b\" data-id=\"c91182b\" data-element_type=\"column\" data-e-type=\"column\">\n\t\t\t<div class=\"elementor-widget-wrap elementor-element-populated\">\n\t\t\t\t\t\t<div class=\"elementor-element elementor-element-3b8b5e2 elementor-widget elementor-widget-heading\" data-id=\"3b8b5e2\" data-element_type=\"widget\" data-e-type=\"widget\" data-widget_type=\"heading.default\">\n\t\t\t\t<div class=\"elementor-widget-container\">\n\t\t\t\t\t<h2 class=\"elementor-heading-title elementor-size-xl\">VINSOBRES TOURIST ANIMATION COMMITTEE (C.A.T.V.)<\/h2>\t\t\t\t<\/div>\n\t\t\t\t<\/div>\n\t\t\t\t<div class=\"elementor-element elementor-element-a3e87c4 elementor-widget elementor-widget-image\" data-id=\"a3e87c4\" data-element_type=\"widget\" data-e-type=\"widget\" data-widget_type=\"image.default\">\n\t\t\t\t<div class=\"elementor-widget-container\">\n\t\t\t\t\t\t\t\t\t\t\t\t\t\t\t<img decoding=\"async\" data-src=\"http:\/\/comiteanimationtouristiquevinsobres.fr\/wp-content\/uploads\/2023\/05\/vinsobres-scaled.webp\" title=\"\" alt=\"the village of Vinsobres\" src=\"data:image\/gif;base64,R0lGODlhAQABAAAAACH5BAEKAAEALAAAAAABAAEAAAICTAEAOw==\" class=\"lazyload\" style=\"--smush-placeholder-width: 2560px; --smush-placeholder-aspect-ratio: 2560\/1707;\" \/>\t\t\t\t\t\t\t\t\t\t\t\t\t\t\t<\/div>\n\t\t\t\t<\/div>\n\t\t\t\t<div class=\"elementor-element elementor-element-393409e elementor-widget elementor-widget-heading\" data-id=\"393409e\" data-element_type=\"widget\" data-e-type=\"widget\" data-widget_type=\"heading.default\">\n\t\t\t\t<div class=\"elementor-widget-container\">\n\t\t\t\t\t<h2 class=\"elementor-heading-title elementor-size-large\">Coming soon in Vinsobres !<\/h2>\t\t\t\t<\/div>\n\t\t\t\t<\/div>\n\t\t\t\t\t<\/div>\n\t\t<\/div>\n\t\t\t\t\t<\/div>\n\t\t<\/section>\n\t\t\t\t<section class=\"elementor-section elementor-top-section elementor-element elementor-element-cc85f05 elementor-section-boxed elementor-section-height-default elementor-section-height-default\" data-id=\"cc85f05\" data-element_type=\"section\" data-e-type=\"section\">\n\t\t\t\t\t\t<div class=\"elementor-container elementor-column-gap-default\">\n\t\t\t\t\t<div class=\"elementor-column elementor-col-100 elementor-top-column elementor-element elementor-element-fdecedd\" data-id=\"fdecedd\" data-element_type=\"column\" data-e-type=\"column\">\n\t\t\t<div class=\"elementor-widget-wrap elementor-element-populated\">\n\t\t\t\t\t\t<div class=\"elementor-element elementor-element-cf0cb59 elementor-widget elementor-widget-image\" data-id=\"cf0cb59\" data-element_type=\"widget\" data-e-type=\"widget\" data-widget_type=\"image.default\">\n\t\t\t\t<div class=\"elementor-widget-container\">\n\t\t\t\t\t\t\t\t\t\t\t\t\t\t\t<img fetchpriority=\"high\" decoding=\"async\" width=\"768\" height=\"1086\" src=\"https:\/\/comiteanimationtouristiquevinsobres.fr\/wp-content\/uploads\/2024\/02\/flyer-BG-2024-2-768x1086.webp\" class=\"attachment-medium_large size-medium_large wp-image-4251\" alt=\"balade gourmande vinsobres 2024\" srcset=\"https:\/\/comiteanimationtouristiquevinsobres.fr\/wp-content\/uploads\/2024\/02\/flyer-BG-2024-2-768x1086.webp 768w, https:\/\/comiteanimationtouristiquevinsobres.fr\/wp-content\/uploads\/2024\/02\/flyer-BG-2024-2-212x300.webp 212w, https:\/\/comiteanimationtouristiquevinsobres.fr\/wp-content\/uploads\/2024\/02\/flyer-BG-2024-2-724x1024.webp 724w, https:\/\/comiteanimationtouristiquevinsobres.fr\/wp-content\/uploads\/2024\/02\/flyer-BG-2024-2-1086x1536.webp 1086w, https:\/\/comiteanimationtouristiquevinsobres.fr\/wp-content\/uploads\/2024\/02\/flyer-BG-2024-2-1320x1867.webp 1320w, https:\/\/comiteanimationtouristiquevinsobres.fr\/wp-content\/uploads\/2024\/02\/flyer-BG-2024-2.webp 1414w\" sizes=\"(max-width: 768px) 100vw, 768px\" \/>\t\t\t\t\t\t\t\t\t\t\t\t\t\t\t<\/div>\n\t\t\t\t<\/div>\n\t\t\t\t<div class=\"elementor-element elementor-element-ddec870 elementor-widget elementor-widget-text-editor\" data-id=\"ddec870\" data-element_type=\"widget\" data-e-type=\"widget\" data-widget_type=\"text-editor.default\">\n\t\t\t\t<div class=\"elementor-widget-container\">\n\t\t\t\t\t\t\t\t\t<h1>The registration website is currently being finalised, but you can already register the old-fashioned way by phoning 06 85 33 52!<\/h1>\t\t\t\t\t\t\t\t<\/div>\n\t\t\t\t<\/div>\n\t\t\t\t\t<\/div>\n\t\t<\/div>\n\t\t\t\t\t<\/div>\n\t\t<\/section>\n\t\t\t\t<\/div>\n\t\t","protected":false},"excerpt":{"rendered":"<p>VINSOBRES TOURIST ANIMATION COMMITTEE (C.A.T.V.) Coming soon in Vinsobres ! The registration website is currently being finalised, but you can already register the old-fashioned way by phoning 06 85 33 52!<\/p>\n","protected":false},"author":3,"featured_media":0,"parent":0,"menu_order":0,"comment_status":"closed","ping_status":"closed","template":"","meta":{"ocean_post_layout":"","ocean_both_sidebars_style":"","ocean_both_sidebars_content_width":0,"ocean_both_sidebars_sidebars_width":0,"ocean_sidebar":"0","ocean_second_sidebar":"0","ocean_disable_margins":"enable","ocean_add_body_class":"","ocean_shortcode_before_top_bar":"","ocean_shortcode_after_top_bar":"","ocean_shortcode_before_header":"","ocean_shortcode_after_header":"","ocean_has_shortcode":"","ocean_shortcode_after_title":"","ocean_shortcode_before_footer_widgets":"","ocean_shortcode_after_footer_widgets":"","ocean_shortcode_before_footer_bottom":"","ocean_shortcode_after_footer_bottom":"","ocean_display_top_bar":"on","ocean_display_header":"on","ocean_header_style":"minimal","ocean_center_header_left_menu":"0","ocean_custom_header_template":"0","ocean_custom_logo":0,"ocean_custom_retina_logo":0,"ocean_custom_logo_max_width":0,"ocean_custom_logo_tablet_max_width":0,"ocean_custom_logo_mobile_max_width":0,"ocean_custom_logo_max_height":0,"ocean_custom_logo_tablet_max_height":0,"ocean_custom_logo_mobile_max_height":0,"ocean_header_custom_menu":"0","ocean_menu_typo_font_family":"0","ocean_menu_typo_font_subset":"","ocean_menu_typo_font_size":0,"ocean_menu_typo_font_size_tablet":0,"ocean_menu_typo_font_size_mobile":0,"ocean_menu_typo_font_size_unit":"px","ocean_menu_typo_font_weight":"","ocean_menu_typo_font_weight_tablet":"","ocean_menu_typo_font_weight_mobile":"","ocean_menu_typo_transform":"","ocean_menu_typo_transform_tablet":"","ocean_menu_typo_transform_mobile":"","ocean_menu_typo_line_height":0,"ocean_menu_typo_line_height_tablet":0,"ocean_menu_typo_line_height_mobile":0,"ocean_menu_typo_line_height_unit":"","ocean_menu_typo_spacing":0,"ocean_menu_typo_spacing_tablet":0,"ocean_menu_typo_spacing_mobile":0,"ocean_menu_typo_spacing_unit":"","ocean_menu_link_color":"","ocean_menu_link_color_hover":"","ocean_menu_link_color_active":"","ocean_menu_link_background":"","ocean_menu_link_hover_background":"","ocean_menu_link_active_background":"","ocean_menu_social_links_bg":"","ocean_menu_social_hover_links_bg":"","ocean_menu_social_links_color":"","ocean_menu_social_hover_links_color":"","ocean_disable_title":"on","ocean_disable_heading":"default","ocean_post_title":"","ocean_post_subheading":"","ocean_post_title_style":"","ocean_post_title_background_color":"","ocean_post_title_background":0,"ocean_post_title_bg_image_position":"","ocean_post_title_bg_image_attachment":"","ocean_post_title_bg_image_repeat":"","ocean_post_title_bg_image_size":"","ocean_post_title_height":0,"ocean_post_title_bg_overlay":0.5,"ocean_post_title_bg_overlay_color":"","ocean_disable_breadcrumbs":"default","ocean_breadcrumbs_color":"","ocean_breadcrumbs_separator_color":"","ocean_breadcrumbs_links_color":"","ocean_breadcrumbs_links_hover_color":"","ocean_display_footer_widgets":"default","ocean_display_footer_bottom":"default","ocean_custom_footer_template":"0","footnotes":""},"class_list":["post-1357","page","type-page","status-publish","hentry","entry"],"yoast_head":"<!-- This site is optimized with the Yoast SEO plugin v27.2 - https:\/\/yoast.com\/product\/yoast-seo-wordpress\/ -->\n<title>Vinsobres Tourist Activities Committee<\/title>\n<meta name=\"description\" content=\"The activities that the CATV organizes for the benefit of tourist activity in Vinsobres, the star this year : &quot;la Balade Gourmande&quot;\" \/>\n<meta name=\"robots\" content=\"index, follow, max-snippet:-1, max-image-preview:large, max-video-preview:-1\" \/>\n<link rel=\"canonical\" href=\"http:\/\/comiteanimationtouristiquevinsobres.fr\/\" \/>\n<meta property=\"og:locale\" content=\"fr_FR\" \/>\n<meta property=\"og:type\" content=\"article\" \/>\n<meta property=\"og:title\" content=\"Vinsobres Tourist Activities Committee\" \/>\n<meta property=\"og:description\" content=\"The activities that the CATV organizes for the benefit of tourist activity in Vinsobres, the star this year : &quot;la Balade Gourmande&quot;\" \/>\n<meta property=\"og:url\" content=\"http:\/\/comiteanimationtouristiquevinsobres.fr\/\" \/>\n<meta property=\"og:site_name\" content=\"Comit\u00e9 d&#039;Animation Touristique de Vinsobres\" \/>\n<meta property=\"article:modified_time\" content=\"2024-02-17T15:44:18+00:00\" \/>\n<meta property=\"og:image\" content=\"http:\/\/comiteanimationtouristiquevinsobres.fr\/wp-content\/uploads\/2023\/05\/vinsobres-scaled.webp\" \/>\n<meta name=\"twitter:card\" content=\"summary_large_image\" \/>\n<meta name=\"twitter:label1\" content=\"Dur\u00e9e de lecture estim\u00e9e\" \/>\n\t<meta name=\"twitter:data1\" content=\"1 minute\" \/>\n<script type=\"application\/ld+json\" class=\"yoast-schema-graph\">{\"@context\":\"https:\/\/schema.org\",\"@graph\":[{\"@type\":\"WebPage\",\"@id\":\"https:\/\/comiteanimationtouristiquevinsobres.fr\/index.php\/en\/vinsobres-tourist-activities-committee\/\",\"url\":\"http:\/\/comiteanimationtouristiquevinsobres.fr\/\",\"name\":\"Vinsobres Tourist Activities Committee\",\"isPartOf\":{\"@id\":\"https:\/\/comiteanimationtouristiquevinsobres.fr\/#website\"},\"primaryImageOfPage\":{\"@id\":\"http:\/\/comiteanimationtouristiquevinsobres.fr\/#primaryimage\"},\"image\":{\"@id\":\"http:\/\/comiteanimationtouristiquevinsobres.fr\/#primaryimage\"},\"thumbnailUrl\":\"http:\/\/comiteanimationtouristiquevinsobres.fr\/wp-content\/uploads\/2023\/05\/vinsobres-scaled.webp\",\"datePublished\":\"2022-10-28T13:41:53+00:00\",\"dateModified\":\"2024-02-17T15:44:18+00:00\",\"description\":\"The activities that the CATV organizes for the benefit of tourist activity in Vinsobres, the star this year : \\\"la Balade Gourmande\\\"\",\"breadcrumb\":{\"@id\":\"http:\/\/comiteanimationtouristiquevinsobres.fr\/#breadcrumb\"},\"inLanguage\":\"fr-FR\",\"potentialAction\":[{\"@type\":\"ReadAction\",\"target\":[\"http:\/\/comiteanimationtouristiquevinsobres.fr\/\"]}]},{\"@type\":\"ImageObject\",\"inLanguage\":\"fr-FR\",\"@id\":\"http:\/\/comiteanimationtouristiquevinsobres.fr\/#primaryimage\",\"url\":\"https:\/\/comiteanimationtouristiquevinsobres.fr\/wp-content\/uploads\/2023\/05\/vinsobres-scaled.webp\",\"contentUrl\":\"https:\/\/comiteanimationtouristiquevinsobres.fr\/wp-content\/uploads\/2023\/05\/vinsobres-scaled.webp\",\"width\":2560,\"height\":1707,\"caption\":\"le village de vinsobres\"},{\"@type\":\"BreadcrumbList\",\"@id\":\"http:\/\/comiteanimationtouristiquevinsobres.fr\/#breadcrumb\",\"itemListElement\":[{\"@type\":\"ListItem\",\"position\":1,\"name\":\"Accueil\",\"item\":\"https:\/\/comiteanimationtouristiquevinsobres.fr\/\"},{\"@type\":\"ListItem\",\"position\":2,\"name\":\"Vinsobres Tourist Activities Committee\"}]},{\"@type\":\"WebSite\",\"@id\":\"https:\/\/comiteanimationtouristiquevinsobres.fr\/#website\",\"url\":\"https:\/\/comiteanimationtouristiquevinsobres.fr\/\",\"name\":\"Comit\u00e9 d&#039;Animation Touristique de Vinsobres\",\"description\":\"Une pr\u00e9sentation de toutes les activit\u00e9s annuelles organis\u00e9es par le comit\u00e9 pour les touristes  \u00e0 Vinsobres\",\"publisher\":{\"@id\":\"https:\/\/comiteanimationtouristiquevinsobres.fr\/#organization\"},\"alternateName\":\"CATV Vinsobres\",\"potentialAction\":[{\"@type\":\"SearchAction\",\"target\":{\"@type\":\"EntryPoint\",\"urlTemplate\":\"https:\/\/comiteanimationtouristiquevinsobres.fr\/?s={search_term_string}\"},\"query-input\":{\"@type\":\"PropertyValueSpecification\",\"valueRequired\":true,\"valueName\":\"search_term_string\"}}],\"inLanguage\":\"fr-FR\"},{\"@type\":\"Organization\",\"@id\":\"https:\/\/comiteanimationtouristiquevinsobres.fr\/#organization\",\"name\":\"comit\u00e9 d'animation touristique de Vinsobres\",\"alternateName\":\"CATV\",\"url\":\"https:\/\/comiteanimationtouristiquevinsobres.fr\/\",\"logo\":{\"@type\":\"ImageObject\",\"inLanguage\":\"fr-FR\",\"@id\":\"https:\/\/comiteanimationtouristiquevinsobres.fr\/#\/schema\/logo\/image\/\",\"url\":\"http:\/\/comiteanimationtouristiquevinsobres.fr\/wp-content\/uploads\/2022\/09\/cropped-logo-CATV.png\",\"contentUrl\":\"http:\/\/comiteanimationtouristiquevinsobres.fr\/wp-content\/uploads\/2022\/09\/cropped-logo-CATV.png\",\"width\":807,\"height\":554,\"caption\":\"comit\u00e9 d'animation touristique de Vinsobres\"},\"image\":{\"@id\":\"https:\/\/comiteanimationtouristiquevinsobres.fr\/#\/schema\/logo\/image\/\"}}]}<\/script>\n<!-- \/ Yoast SEO plugin. -->","yoast_head_json":{"title":"Vinsobres Tourist Activities Committee","description":"The activities that the CATV organizes for the benefit of tourist activity in Vinsobres, the star this year : \"la Balade Gourmande\"","robots":{"index":"index","follow":"follow","max-snippet":"max-snippet:-1","max-image-preview":"max-image-preview:large","max-video-preview":"max-video-preview:-1"},"canonical":"http:\/\/comiteanimationtouristiquevinsobres.fr\/","og_locale":"fr_FR","og_type":"article","og_title":"Vinsobres Tourist Activities Committee","og_description":"The activities that the CATV organizes for the benefit of tourist activity in Vinsobres, the star this year : \"la Balade Gourmande\"","og_url":"http:\/\/comiteanimationtouristiquevinsobres.fr\/","og_site_name":"Comit\u00e9 d&#039;Animation Touristique de Vinsobres","article_modified_time":"2024-02-17T15:44:18+00:00","og_image":[{"url":"http:\/\/comiteanimationtouristiquevinsobres.fr\/wp-content\/uploads\/2023\/05\/vinsobres-scaled.webp","type":"","width":"","height":""}],"twitter_card":"summary_large_image","twitter_misc":{"Dur\u00e9e de lecture estim\u00e9e":"1 minute"},"schema":{"@context":"https:\/\/schema.org","@graph":[{"@type":"WebPage","@id":"https:\/\/comiteanimationtouristiquevinsobres.fr\/index.php\/en\/vinsobres-tourist-activities-committee\/","url":"http:\/\/comiteanimationtouristiquevinsobres.fr\/","name":"Vinsobres Tourist Activities Committee","isPartOf":{"@id":"https:\/\/comiteanimationtouristiquevinsobres.fr\/#website"},"primaryImageOfPage":{"@id":"http:\/\/comiteanimationtouristiquevinsobres.fr\/#primaryimage"},"image":{"@id":"http:\/\/comiteanimationtouristiquevinsobres.fr\/#primaryimage"},"thumbnailUrl":"http:\/\/comiteanimationtouristiquevinsobres.fr\/wp-content\/uploads\/2023\/05\/vinsobres-scaled.webp","datePublished":"2022-10-28T13:41:53+00:00","dateModified":"2024-02-17T15:44:18+00:00","description":"The activities that the CATV organizes for the benefit of tourist activity in Vinsobres, the star this year : \"la Balade Gourmande\"","breadcrumb":{"@id":"http:\/\/comiteanimationtouristiquevinsobres.fr\/#breadcrumb"},"inLanguage":"fr-FR","potentialAction":[{"@type":"ReadAction","target":["http:\/\/comiteanimationtouristiquevinsobres.fr\/"]}]},{"@type":"ImageObject","inLanguage":"fr-FR","@id":"http:\/\/comiteanimationtouristiquevinsobres.fr\/#primaryimage","url":"https:\/\/comiteanimationtouristiquevinsobres.fr\/wp-content\/uploads\/2023\/05\/vinsobres-scaled.webp","contentUrl":"https:\/\/comiteanimationtouristiquevinsobres.fr\/wp-content\/uploads\/2023\/05\/vinsobres-scaled.webp","width":2560,"height":1707,"caption":"le village de vinsobres"},{"@type":"BreadcrumbList","@id":"http:\/\/comiteanimationtouristiquevinsobres.fr\/#breadcrumb","itemListElement":[{"@type":"ListItem","position":1,"name":"Accueil","item":"https:\/\/comiteanimationtouristiquevinsobres.fr\/"},{"@type":"ListItem","position":2,"name":"Vinsobres Tourist Activities Committee"}]},{"@type":"WebSite","@id":"https:\/\/comiteanimationtouristiquevinsobres.fr\/#website","url":"https:\/\/comiteanimationtouristiquevinsobres.fr\/","name":"Comit\u00e9 d&#039;Animation Touristique de Vinsobres","description":"Une pr\u00e9sentation de toutes les activit\u00e9s annuelles organis\u00e9es par le comit\u00e9 pour les touristes  \u00e0 Vinsobres","publisher":{"@id":"https:\/\/comiteanimationtouristiquevinsobres.fr\/#organization"},"alternateName":"CATV Vinsobres","potentialAction":[{"@type":"SearchAction","target":{"@type":"EntryPoint","urlTemplate":"https:\/\/comiteanimationtouristiquevinsobres.fr\/?s={search_term_string}"},"query-input":{"@type":"PropertyValueSpecification","valueRequired":true,"valueName":"search_term_string"}}],"inLanguage":"fr-FR"},{"@type":"Organization","@id":"https:\/\/comiteanimationtouristiquevinsobres.fr\/#organization","name":"comit\u00e9 d'animation touristique de Vinsobres","alternateName":"CATV","url":"https:\/\/comiteanimationtouristiquevinsobres.fr\/","logo":{"@type":"ImageObject","inLanguage":"fr-FR","@id":"https:\/\/comiteanimationtouristiquevinsobres.fr\/#\/schema\/logo\/image\/","url":"http:\/\/comiteanimationtouristiquevinsobres.fr\/wp-content\/uploads\/2022\/09\/cropped-logo-CATV.png","contentUrl":"http:\/\/comiteanimationtouristiquevinsobres.fr\/wp-content\/uploads\/2022\/09\/cropped-logo-CATV.png","width":807,"height":554,"caption":"comit\u00e9 d'animation touristique de Vinsobres"},"image":{"@id":"https:\/\/comiteanimationtouristiquevinsobres.fr\/#\/schema\/logo\/image\/"}}]}},"_links":{"self":[{"href":"https:\/\/comiteanimationtouristiquevinsobres.fr\/index.php\/wp-json\/wp\/v2\/pages\/1357","targetHints":{"allow":["GET"]}}],"collection":[{"href":"https:\/\/comiteanimationtouristiquevinsobres.fr\/index.php\/wp-json\/wp\/v2\/pages"}],"about":[{"href":"https:\/\/comiteanimationtouristiquevinsobres.fr\/index.php\/wp-json\/wp\/v2\/types\/page"}],"author":[{"embeddable":true,"href":"https:\/\/comiteanimationtouristiquevinsobres.fr\/index.php\/wp-json\/wp\/v2\/users\/3"}],"replies":[{"embeddable":true,"href":"https:\/\/comiteanimationtouristiquevinsobres.fr\/index.php\/wp-json\/wp\/v2\/comments?post=1357"}],"version-history":[{"count":67,"href":"https:\/\/comiteanimationtouristiquevinsobres.fr\/index.php\/wp-json\/wp\/v2\/pages\/1357\/revisions"}],"predecessor-version":[{"id":4254,"href":"https:\/\/comiteanimationtouristiquevinsobres.fr\/index.php\/wp-json\/wp\/v2\/pages\/1357\/revisions\/4254"}],"wp:attachment":[{"href":"https:\/\/comiteanimationtouristiquevinsobres.fr\/index.php\/wp-json\/wp\/v2\/media?parent=1357"}],"curies":[{"name":"wp","href":"https:\/\/api.w.org\/{rel}","templated":true}]}}