{"id":1324,"date":"2022-10-28T14:51:39","date_gmt":"2022-10-28T12:51:39","guid":{"rendered":"http:\/\/comiteanimationtouristiquevinsobres.fr\/?page_id=1324"},"modified":"2022-10-28T15:07:14","modified_gmt":"2022-10-28T13:07:14","slug":"stuur-mijn-bericht","status":"publish","type":"page","link":"https:\/\/comiteanimationtouristiquevinsobres.fr\/index.php\/nl\/stuur-mijn-bericht\/","title":{"rendered":"stuur mijn bericht"},"content":{"rendered":"\t\t<div data-elementor-type=\"wp-page\" data-elementor-id=\"1324\" class=\"elementor elementor-1324\">\n\t\t\t\t\t\t<section class=\"elementor-section elementor-top-section elementor-element elementor-element-5dfbbc8 elementor-section-boxed elementor-section-height-default elementor-section-height-default\" data-id=\"5dfbbc8\" data-element_type=\"section\" data-e-type=\"section\">\n\t\t\t\t\t\t<div class=\"elementor-container elementor-column-gap-default\">\n\t\t\t\t\t<div class=\"elementor-column elementor-col-100 elementor-top-column elementor-element elementor-element-18230f7\" data-id=\"18230f7\" data-element_type=\"column\" data-e-type=\"column\">\n\t\t\t<div class=\"elementor-widget-wrap elementor-element-populated\">\n\t\t\t\t\t\t<div class=\"elementor-element elementor-element-ea63261 elementor-view-default elementor-widget elementor-widget-icon\" data-id=\"ea63261\" data-element_type=\"widget\" data-e-type=\"widget\" data-widget_type=\"icon.default\">\n\t\t\t\t<div class=\"elementor-widget-container\">\n\t\t\t\t\t\t\t<div class=\"elementor-icon-wrapper\">\n\t\t\t<div class=\"elementor-icon\">\n\t\t\t<i aria-hidden=\"true\" class=\"fas fa-phone\"><\/i>\t\t\t<\/div>\n\t\t<\/div>\n\t\t\t\t\t\t<\/div>\n\t\t\t\t<\/div>\n\t\t\t\t\t<\/div>\n\t\t<\/div>\n\t\t\t\t\t<\/div>\n\t\t<\/section>\n\t\t\t\t<section class=\"elementor-section elementor-top-section elementor-element elementor-element-ea57951 elementor-section-boxed elementor-section-height-default elementor-section-height-default\" data-id=\"ea57951\" data-element_type=\"section\" data-e-type=\"section\">\n\t\t\t\t\t\t<div class=\"elementor-container elementor-column-gap-default\">\n\t\t\t\t\t<div class=\"elementor-column elementor-col-100 elementor-top-column elementor-element elementor-element-b40937e\" data-id=\"b40937e\" data-element_type=\"column\" data-e-type=\"column\">\n\t\t\t<div class=\"elementor-widget-wrap elementor-element-populated\">\n\t\t\t\t\t\t<div class=\"elementor-element elementor-element-b7d0e76 elementor-widget elementor-widget-heading\" data-id=\"b7d0e76\" data-element_type=\"widget\" data-e-type=\"widget\" data-widget_type=\"heading.default\">\n\t\t\t\t<div class=\"elementor-widget-container\">\n\t\t\t\t\t<h2 class=\"elementor-heading-title elementor-size-xl\">06 85 66 33 52<\/h2>\t\t\t\t<\/div>\n\t\t\t\t<\/div>\n\t\t\t\t\t<\/div>\n\t\t<\/div>\n\t\t\t\t\t<\/div>\n\t\t<\/section>\n\t\t\t\t<section class=\"elementor-section elementor-top-section elementor-element elementor-element-db84a19 elementor-section-boxed elementor-section-height-default elementor-section-height-default\" data-id=\"db84a19\" data-element_type=\"section\" data-e-type=\"section\">\n\t\t\t\t\t\t<div class=\"elementor-container elementor-column-gap-default\">\n\t\t\t\t\t<div class=\"elementor-column elementor-col-100 elementor-top-column elementor-element elementor-element-63b3178\" data-id=\"63b3178\" data-element_type=\"column\" data-e-type=\"column\">\n\t\t\t<div class=\"elementor-widget-wrap elementor-element-populated\">\n\t\t\t\t\t\t<div class=\"elementor-element elementor-element-2545f4f elementor-view-default elementor-widget elementor-widget-icon\" data-id=\"2545f4f\" data-element_type=\"widget\" data-e-type=\"widget\" data-widget_type=\"icon.default\">\n\t\t\t\t<div class=\"elementor-widget-container\">\n\t\t\t\t\t\t\t<div class=\"elementor-icon-wrapper\">\n\t\t\t<div class=\"elementor-icon\">\n\t\t\t<i aria-hidden=\"true\" class=\"fas fa-mail-bulk\"><\/i>\t\t\t<\/div>\n\t\t<\/div>\n\t\t\t\t\t\t<\/div>\n\t\t\t\t<\/div>\n\t\t\t\t\t<\/div>\n\t\t<\/div>\n\t\t\t\t\t<\/div>\n\t\t<\/section>\n\t\t\t\t<section class=\"elementor-section elementor-top-section elementor-element elementor-element-aa97514 elementor-section-boxed elementor-section-height-default elementor-section-height-default\" data-id=\"aa97514\" data-element_type=\"section\" data-e-type=\"section\">\n\t\t\t\t\t\t<div class=\"elementor-container elementor-column-gap-default\">\n\t\t\t\t\t<div class=\"elementor-column elementor-col-100 elementor-top-column elementor-element elementor-element-6f2b8bc\" data-id=\"6f2b8bc\" data-element_type=\"column\" data-e-type=\"column\">\n\t\t\t<div class=\"elementor-widget-wrap elementor-element-populated\">\n\t\t\t\t\t\t<div class=\"elementor-element elementor-element-ced80be elementor-widget elementor-widget-heading\" data-id=\"ced80be\" data-element_type=\"widget\" data-e-type=\"widget\" data-widget_type=\"heading.default\">\n\t\t\t\t<div class=\"elementor-widget-container\">\n\t\t\t\t\t<h2 class=\"elementor-heading-title elementor-size-xl\">C.A.T.V.\n8, rue Gironde\n26110 VINSOBRES<\/h2>\t\t\t\t<\/div>\n\t\t\t\t<\/div>\n\t\t\t\t\t<\/div>\n\t\t<\/div>\n\t\t\t\t\t<\/div>\n\t\t<\/section>\n\t\t\t\t<section class=\"elementor-section elementor-top-section elementor-element elementor-element-4d7c36f elementor-section-boxed elementor-section-height-default elementor-section-height-default\" data-id=\"4d7c36f\" data-element_type=\"section\" data-e-type=\"section\">\n\t\t\t\t\t\t<div class=\"elementor-container elementor-column-gap-default\">\n\t\t\t\t\t<div class=\"elementor-column elementor-col-100 elementor-top-column elementor-element elementor-element-bd07507\" data-id=\"bd07507\" data-element_type=\"column\" data-e-type=\"column\">\n\t\t\t<div class=\"elementor-widget-wrap elementor-element-populated\">\n\t\t\t\t\t\t<div class=\"elementor-element elementor-element-0b89508 elementor-widget elementor-widget-heading\" data-id=\"0b89508\" data-element_type=\"widget\" data-e-type=\"widget\" data-widget_type=\"heading.default\">\n\t\t\t\t<div class=\"elementor-widget-container\">\n\t\t\t\t\t<h2 class=\"elementor-heading-title elementor-size-xl\">vinsobres.tourisme@orange.fr<\/h2>\t\t\t\t<\/div>\n\t\t\t\t<\/div>\n\t\t\t\t\t<\/div>\n\t\t<\/div>\n\t\t\t\t\t<\/div>\n\t\t<\/section>\n\t\t\t\t<section class=\"elementor-section elementor-top-section elementor-element elementor-element-2c1513e elementor-section-boxed elementor-section-height-default elementor-section-height-default\" data-id=\"2c1513e\" data-element_type=\"section\" data-e-type=\"section\">\n\t\t\t\t\t\t<div class=\"elementor-container elementor-column-gap-default\">\n\t\t\t\t\t<div class=\"elementor-column elementor-col-100 elementor-top-column elementor-element elementor-element-c325e81\" data-id=\"c325e81\" data-element_type=\"column\" data-e-type=\"column\">\n\t\t\t<div class=\"elementor-widget-wrap elementor-element-populated\">\n\t\t\t\t\t\t<div class=\"elementor-element elementor-element-b96160a elementor-widget elementor-widget-shortcode\" data-id=\"b96160a\" data-element_type=\"widget\" data-e-type=\"widget\" data-widget_type=\"shortcode.default\">\n\t\t\t\t<div class=\"elementor-widget-container\">\n\t\t\t\t\t\t\t<div class=\"elementor-shortcode\">\n<div class=\"wpcf7 no-js\" id=\"wpcf7-f1323-o1\" lang=\"fr-FR\" dir=\"ltr\" data-wpcf7-id=\"1323\">\n<div class=\"screen-reader-response\"><p role=\"status\" aria-live=\"polite\" aria-atomic=\"true\"><\/p> <ul><\/ul><\/div>\n<form action=\"\/index.php\/wp-json\/wp\/v2\/pages\/1324#wpcf7-f1323-o1\" method=\"post\" class=\"wpcf7-form init\" aria-label=\"Formulaire de contact\" enctype=\"multipart\/form-data\" novalidate=\"novalidate\" data-status=\"init\">\n<fieldset class=\"hidden-fields-container\"><input type=\"hidden\" name=\"_wpcf7\" value=\"1323\" \/><input type=\"hidden\" name=\"_wpcf7_version\" value=\"6.1.5\" \/><input type=\"hidden\" name=\"_wpcf7_locale\" value=\"fr_FR\" \/><input type=\"hidden\" name=\"_wpcf7_unit_tag\" value=\"wpcf7-f1323-o1\" \/><input type=\"hidden\" name=\"_wpcf7_container_post\" value=\"0\" \/><input type=\"hidden\" name=\"_wpcf7_posted_data_hash\" value=\"\" \/>\n<\/fieldset>\n<p><label> Uw naam<br \/>\n<span class=\"wpcf7-form-control-wrap\" data-name=\"your-name\"><input size=\"40\" maxlength=\"400\" class=\"wpcf7-form-control wpcf7-text wpcf7-validates-as-required\" aria-required=\"true\" aria-invalid=\"false\" value=\"\" type=\"text\" name=\"your-name\" \/><\/span> <\/label>\n<\/p>\n<p><label> Jouw email<br \/>\n<span class=\"wpcf7-form-control-wrap\" data-name=\"your-email\"><input size=\"40\" maxlength=\"400\" class=\"wpcf7-form-control wpcf7-email wpcf7-validates-as-required wpcf7-text wpcf7-validates-as-email\" aria-required=\"true\" aria-invalid=\"false\" value=\"\" type=\"email\" name=\"your-email\" \/><\/span> <\/label>\n<\/p>\n<p><label> uw telefoonnummer<br \/>\n<span class=\"wpcf7-form-control-wrap\" data-name=\"tel-533\"><input size=\"40\" maxlength=\"400\" class=\"wpcf7-form-control wpcf7-tel wpcf7-text wpcf7-validates-as-tel\" aria-invalid=\"false\" placeholder=\"votre num\u00e9ro\" value=\"\" type=\"tel\" name=\"tel-533\" \/><\/span> <\/label>\n<\/p>\n<p><label> Object<br \/>\n<span class=\"wpcf7-form-control-wrap\" data-name=\"your-subject\"><input size=\"40\" maxlength=\"400\" class=\"wpcf7-form-control wpcf7-text wpcf7-validates-as-required\" aria-required=\"true\" aria-invalid=\"false\" value=\"\" type=\"text\" name=\"your-subject\" \/><\/span> <\/label>\n<\/p>\n<p><label> Uw bericht<br \/>\n<span class=\"wpcf7-form-control-wrap\" data-name=\"your-message\"><textarea cols=\"40\" rows=\"10\" maxlength=\"2000\" class=\"wpcf7-form-control wpcf7-textarea wpcf7-validates-as-required\" aria-required=\"true\" aria-invalid=\"false\" name=\"your-message\"><\/textarea><\/span> <\/label>\n<\/p>\n<p><label> Wil je een bestand toevoegen?<br \/>\n<span class=\"wpcf7-form-control-wrap\" data-name=\"file-807\"><input size=\"40\" class=\"wpcf7-form-control wpcf7-file\" accept=\"audio\/*,video\/*,image\/*\" aria-invalid=\"false\" type=\"file\" name=\"file-807\" \/><\/span> <\/label><label><br \/>\n<span class=\"wpcf7-form-control-wrap\" data-name=\"acceptance-774\"><span class=\"wpcf7-form-control wpcf7-acceptance optional\"><span class=\"wpcf7-list-item\"><label><input type=\"checkbox\" name=\"acceptance-774\" value=\"1\" aria-invalid=\"false\" \/><span class=\"wpcf7-list-item-label\">Ik ga ermee akkoord dat mijn persoonlijke gegevens worden verwerkt.<\/span><\/label><\/span><\/span><\/span><br \/>\n<input class=\"wpcf7-form-control wpcf7-submit has-spinner\" type=\"submit\" value=\"stuur mijn bericht\" \/><\/label>\n<\/p><div class=\"wpcf7-response-output\" aria-hidden=\"true\"><\/div>\n<\/form>\n<\/div>\n<\/div>\n\t\t\t\t\t\t<\/div>\n\t\t\t\t<\/div>\n\t\t\t\t\t<\/div>\n\t\t<\/div>\n\t\t\t\t\t<\/div>\n\t\t<\/section>\n\t\t\t\t<section class=\"elementor-section elementor-top-section elementor-element elementor-element-f0a586a elementor-section-boxed elementor-section-height-default elementor-section-height-default\" data-id=\"f0a586a\" data-element_type=\"section\" data-e-type=\"section\">\n\t\t\t\t\t\t<div class=\"elementor-container elementor-column-gap-default\">\n\t\t\t\t\t<div class=\"elementor-column elementor-col-100 elementor-top-column elementor-element elementor-element-e775358\" data-id=\"e775358\" data-element_type=\"column\" data-e-type=\"column\">\n\t\t\t<div class=\"elementor-widget-wrap elementor-element-populated\">\n\t\t\t\t\t\t<div class=\"elementor-element elementor-element-5145cde elementor-align-center elementor-widget elementor-widget-button\" data-id=\"5145cde\" data-element_type=\"widget\" data-e-type=\"widget\" data-widget_type=\"button.default\">\n\t\t\t\t<div class=\"elementor-widget-container\">\n\t\t\t\t\t\t\t\t\t<div class=\"elementor-button-wrapper\">\n\t\t\t\t\t<a class=\"elementor-button elementor-button-link elementor-size-md\" href=\"http:\/\/comiteanimationtouristiquevinsobres.fr\/?page_id=1330http:\/\/comiteanimationtouristiquevinsobres.fr\/?page_id=1330\">\n\t\t\t\t\t\t<span class=\"elementor-button-content-wrapper\">\n\t\t\t\t\t\t\t\t\t<span class=\"elementor-button-text\">Startpagina<\/span>\n\t\t\t\t\t<\/span>\n\t\t\t\t\t<\/a>\n\t\t\t\t<\/div>\n\t\t\t\t\t\t\t\t<\/div>\n\t\t\t\t<\/div>\n\t\t\t\t\t<\/div>\n\t\t<\/div>\n\t\t\t\t\t<\/div>\n\t\t<\/section>\n\t\t\t\t<section class=\"elementor-section elementor-top-section elementor-element elementor-element-f2f3300 elementor-section-boxed elementor-section-height-default elementor-section-height-default\" data-id=\"f2f3300\" data-element_type=\"section\" data-e-type=\"section\">\n\t\t\t\t\t\t<div class=\"elementor-container elementor-column-gap-default\">\n\t\t\t\t\t<div class=\"elementor-column elementor-col-100 elementor-top-column elementor-element elementor-element-965c9a6\" data-id=\"965c9a6\" data-element_type=\"column\" data-e-type=\"column\">\n\t\t\t<div class=\"elementor-widget-wrap\">\n\t\t\t\t\t\t\t<\/div>\n\t\t<\/div>\n\t\t\t\t\t<\/div>\n\t\t<\/section>\n\t\t\t\t<\/div>\n\t\t","protected":false},"excerpt":{"rendered":"<p>06 85 66 33 52 C.A.T.V. 8, rue Gironde 26110 VINSOBRES vinsobres.tourisme@orange.fr Startpagina<\/p>\n","protected":false},"author":3,"featured_media":0,"parent":0,"menu_order":0,"comment_status":"closed","ping_status":"closed","template":"","meta":{"ocean_post_layout":"","ocean_both_sidebars_style":"","ocean_both_sidebars_content_width":0,"ocean_both_sidebars_sidebars_width":0,"ocean_sidebar":"0","ocean_second_sidebar":"0","ocean_disable_margins":"enable","ocean_add_body_class":"","ocean_shortcode_before_top_bar":"","ocean_shortcode_after_top_bar":"","ocean_shortcode_before_header":"","ocean_shortcode_after_header":"","ocean_has_shortcode":"","ocean_shortcode_after_title":"","ocean_shortcode_before_footer_widgets":"","ocean_shortcode_after_footer_widgets":"","ocean_shortcode_before_footer_bottom":"","ocean_shortcode_after_footer_bottom":"","ocean_display_top_bar":"default","ocean_display_header":"default","ocean_header_style":"","ocean_center_header_left_menu":"0","ocean_custom_header_template":"0","ocean_custom_logo":0,"ocean_custom_retina_logo":0,"ocean_custom_logo_max_width":0,"ocean_custom_logo_tablet_max_width":0,"ocean_custom_logo_mobile_max_width":0,"ocean_custom_logo_max_height":0,"ocean_custom_logo_tablet_max_height":0,"ocean_custom_logo_mobile_max_height":0,"ocean_header_custom_menu":"0","ocean_menu_typo_font_family":"0","ocean_menu_typo_font_subset":"","ocean_menu_typo_font_size":0,"ocean_menu_typo_font_size_tablet":0,"ocean_menu_typo_font_size_mobile":0,"ocean_menu_typo_font_size_unit":"px","ocean_menu_typo_font_weight":"","ocean_menu_typo_font_weight_tablet":"","ocean_menu_typo_font_weight_mobile":"","ocean_menu_typo_transform":"","ocean_menu_typo_transform_tablet":"","ocean_menu_typo_transform_mobile":"","ocean_menu_typo_line_height":0,"ocean_menu_typo_line_height_tablet":0,"ocean_menu_typo_line_height_mobile":0,"ocean_menu_typo_line_height_unit":"","ocean_menu_typo_spacing":0,"ocean_menu_typo_spacing_tablet":0,"ocean_menu_typo_spacing_mobile":0,"ocean_menu_typo_spacing_unit":"","ocean_menu_link_color":"","ocean_menu_link_color_hover":"","ocean_menu_link_color_active":"","ocean_menu_link_background":"","ocean_menu_link_hover_background":"","ocean_menu_link_active_background":"","ocean_menu_social_links_bg":"","ocean_menu_social_hover_links_bg":"","ocean_menu_social_links_color":"","ocean_menu_social_hover_links_color":"","ocean_disable_title":"default","ocean_disable_heading":"default","ocean_post_title":"","ocean_post_subheading":"","ocean_post_title_style":"","ocean_post_title_background_color":"","ocean_post_title_background":0,"ocean_post_title_bg_image_position":"","ocean_post_title_bg_image_attachment":"","ocean_post_title_bg_image_repeat":"","ocean_post_title_bg_image_size":"","ocean_post_title_height":0,"ocean_post_title_bg_overlay":0.5,"ocean_post_title_bg_overlay_color":"","ocean_disable_breadcrumbs":"default","ocean_breadcrumbs_color":"","ocean_breadcrumbs_separator_color":"","ocean_breadcrumbs_links_color":"","ocean_breadcrumbs_links_hover_color":"","ocean_display_footer_widgets":"default","ocean_display_footer_bottom":"default","ocean_custom_footer_template":"0","footnotes":""},"class_list":["post-1324","page","type-page","status-publish","hentry","entry"],"yoast_head":"<!-- This site is optimized with the Yoast SEO plugin v27.3 - https:\/\/yoast.com\/product\/yoast-seo-wordpress\/ -->\n<title>Stuur mijn bericht<\/title>\n<meta name=\"description\" content=\"Neem contact op met de C.A.T.V. per e-mail en schrijf u in als u onze nieuwsbrief wilt ontvangen.\" \/>\n<meta name=\"robots\" content=\"index, follow, max-snippet:-1, max-image-preview:large, max-video-preview:-1\" \/>\n<link rel=\"canonical\" href=\"https:\/\/comiteanimationtouristiquevinsobres.fr\/index.php\/nl\/stuur-mijn-bericht\/\" \/>\n<meta property=\"og:locale\" content=\"fr_FR\" \/>\n<meta property=\"og:type\" content=\"article\" \/>\n<meta property=\"og:title\" content=\"Stuur mijn bericht\" \/>\n<meta property=\"og:description\" content=\"Neem contact op met de C.A.T.V. per e-mail en schrijf u in als u onze nieuwsbrief wilt ontvangen.\" \/>\n<meta property=\"og:url\" content=\"https:\/\/comiteanimationtouristiquevinsobres.fr\/index.php\/nl\/stuur-mijn-bericht\/\" \/>\n<meta property=\"og:site_name\" content=\"Comit\u00e9 d&#039;Animation Touristique de Vinsobres\" \/>\n<meta property=\"article:modified_time\" content=\"2022-10-28T13:07:14+00:00\" \/>\n<meta name=\"twitter:card\" content=\"summary_large_image\" \/>\n<meta name=\"twitter:label1\" content=\"Dur\u00e9e de lecture estim\u00e9e\" \/>\n\t<meta name=\"twitter:data1\" content=\"1 minute\" \/>\n<script type=\"application\/ld+json\" class=\"yoast-schema-graph\">{\"@context\":\"https:\\\/\\\/schema.org\",\"@graph\":[{\"@type\":\"WebPage\",\"@id\":\"https:\\\/\\\/comiteanimationtouristiquevinsobres.fr\\\/index.php\\\/nl\\\/stuur-mijn-bericht\\\/\",\"url\":\"https:\\\/\\\/comiteanimationtouristiquevinsobres.fr\\\/index.php\\\/nl\\\/stuur-mijn-bericht\\\/\",\"name\":\"Stuur mijn bericht\",\"isPartOf\":{\"@id\":\"https:\\\/\\\/comiteanimationtouristiquevinsobres.fr\\\/#website\"},\"datePublished\":\"2022-10-28T12:51:39+00:00\",\"dateModified\":\"2022-10-28T13:07:14+00:00\",\"description\":\"Neem contact op met de C.A.T.V. per e-mail en schrijf u in als u onze nieuwsbrief wilt ontvangen.\",\"breadcrumb\":{\"@id\":\"https:\\\/\\\/comiteanimationtouristiquevinsobres.fr\\\/index.php\\\/nl\\\/stuur-mijn-bericht\\\/#breadcrumb\"},\"inLanguage\":\"fr-FR\",\"potentialAction\":[{\"@type\":\"ReadAction\",\"target\":[\"https:\\\/\\\/comiteanimationtouristiquevinsobres.fr\\\/index.php\\\/nl\\\/stuur-mijn-bericht\\\/\"]}]},{\"@type\":\"BreadcrumbList\",\"@id\":\"https:\\\/\\\/comiteanimationtouristiquevinsobres.fr\\\/index.php\\\/nl\\\/stuur-mijn-bericht\\\/#breadcrumb\",\"itemListElement\":[{\"@type\":\"ListItem\",\"position\":1,\"name\":\"Accueil\",\"item\":\"https:\\\/\\\/comiteanimationtouristiquevinsobres.fr\\\/\"},{\"@type\":\"ListItem\",\"position\":2,\"name\":\"stuur mijn bericht\"}]},{\"@type\":\"WebSite\",\"@id\":\"https:\\\/\\\/comiteanimationtouristiquevinsobres.fr\\\/#website\",\"url\":\"https:\\\/\\\/comiteanimationtouristiquevinsobres.fr\\\/\",\"name\":\"Comit\u00e9 d&#039;Animation Touristique de Vinsobres\",\"description\":\"Une pr\u00e9sentation de toutes les activit\u00e9s annuelles organis\u00e9es par le comit\u00e9 pour les touristes  \u00e0 Vinsobres\",\"publisher\":{\"@id\":\"https:\\\/\\\/comiteanimationtouristiquevinsobres.fr\\\/#organization\"},\"alternateName\":\"CATV Vinsobres\",\"potentialAction\":[{\"@type\":\"SearchAction\",\"target\":{\"@type\":\"EntryPoint\",\"urlTemplate\":\"https:\\\/\\\/comiteanimationtouristiquevinsobres.fr\\\/?s={search_term_string}\"},\"query-input\":{\"@type\":\"PropertyValueSpecification\",\"valueRequired\":true,\"valueName\":\"search_term_string\"}}],\"inLanguage\":\"fr-FR\"},{\"@type\":\"Organization\",\"@id\":\"https:\\\/\\\/comiteanimationtouristiquevinsobres.fr\\\/#organization\",\"name\":\"comit\u00e9 d'animation touristique de Vinsobres\",\"alternateName\":\"CATV\",\"url\":\"https:\\\/\\\/comiteanimationtouristiquevinsobres.fr\\\/\",\"logo\":{\"@type\":\"ImageObject\",\"inLanguage\":\"fr-FR\",\"@id\":\"https:\\\/\\\/comiteanimationtouristiquevinsobres.fr\\\/#\\\/schema\\\/logo\\\/image\\\/\",\"url\":\"http:\\\/\\\/comiteanimationtouristiquevinsobres.fr\\\/wp-content\\\/uploads\\\/2022\\\/09\\\/cropped-logo-CATV.png\",\"contentUrl\":\"http:\\\/\\\/comiteanimationtouristiquevinsobres.fr\\\/wp-content\\\/uploads\\\/2022\\\/09\\\/cropped-logo-CATV.png\",\"width\":807,\"height\":554,\"caption\":\"comit\u00e9 d'animation touristique de Vinsobres\"},\"image\":{\"@id\":\"https:\\\/\\\/comiteanimationtouristiquevinsobres.fr\\\/#\\\/schema\\\/logo\\\/image\\\/\"}}]}<\/script>\n<!-- \/ Yoast SEO plugin. -->","yoast_head_json":{"title":"Stuur mijn bericht","description":"Neem contact op met de C.A.T.V. per e-mail en schrijf u in als u onze nieuwsbrief wilt ontvangen.","robots":{"index":"index","follow":"follow","max-snippet":"max-snippet:-1","max-image-preview":"max-image-preview:large","max-video-preview":"max-video-preview:-1"},"canonical":"https:\/\/comiteanimationtouristiquevinsobres.fr\/index.php\/nl\/stuur-mijn-bericht\/","og_locale":"fr_FR","og_type":"article","og_title":"Stuur mijn bericht","og_description":"Neem contact op met de C.A.T.V. per e-mail en schrijf u in als u onze nieuwsbrief wilt ontvangen.","og_url":"https:\/\/comiteanimationtouristiquevinsobres.fr\/index.php\/nl\/stuur-mijn-bericht\/","og_site_name":"Comit\u00e9 d&#039;Animation Touristique de Vinsobres","article_modified_time":"2022-10-28T13:07:14+00:00","twitter_card":"summary_large_image","twitter_misc":{"Dur\u00e9e de lecture estim\u00e9e":"1 minute"},"schema":{"@context":"https:\/\/schema.org","@graph":[{"@type":"WebPage","@id":"https:\/\/comiteanimationtouristiquevinsobres.fr\/index.php\/nl\/stuur-mijn-bericht\/","url":"https:\/\/comiteanimationtouristiquevinsobres.fr\/index.php\/nl\/stuur-mijn-bericht\/","name":"Stuur mijn bericht","isPartOf":{"@id":"https:\/\/comiteanimationtouristiquevinsobres.fr\/#website"},"datePublished":"2022-10-28T12:51:39+00:00","dateModified":"2022-10-28T13:07:14+00:00","description":"Neem contact op met de C.A.T.V. per e-mail en schrijf u in als u onze nieuwsbrief wilt ontvangen.","breadcrumb":{"@id":"https:\/\/comiteanimationtouristiquevinsobres.fr\/index.php\/nl\/stuur-mijn-bericht\/#breadcrumb"},"inLanguage":"fr-FR","potentialAction":[{"@type":"ReadAction","target":["https:\/\/comiteanimationtouristiquevinsobres.fr\/index.php\/nl\/stuur-mijn-bericht\/"]}]},{"@type":"BreadcrumbList","@id":"https:\/\/comiteanimationtouristiquevinsobres.fr\/index.php\/nl\/stuur-mijn-bericht\/#breadcrumb","itemListElement":[{"@type":"ListItem","position":1,"name":"Accueil","item":"https:\/\/comiteanimationtouristiquevinsobres.fr\/"},{"@type":"ListItem","position":2,"name":"stuur mijn bericht"}]},{"@type":"WebSite","@id":"https:\/\/comiteanimationtouristiquevinsobres.fr\/#website","url":"https:\/\/comiteanimationtouristiquevinsobres.fr\/","name":"Comit\u00e9 d&#039;Animation Touristique de Vinsobres","description":"Une pr\u00e9sentation de toutes les activit\u00e9s annuelles organis\u00e9es par le comit\u00e9 pour les touristes  \u00e0 Vinsobres","publisher":{"@id":"https:\/\/comiteanimationtouristiquevinsobres.fr\/#organization"},"alternateName":"CATV Vinsobres","potentialAction":[{"@type":"SearchAction","target":{"@type":"EntryPoint","urlTemplate":"https:\/\/comiteanimationtouristiquevinsobres.fr\/?s={search_term_string}"},"query-input":{"@type":"PropertyValueSpecification","valueRequired":true,"valueName":"search_term_string"}}],"inLanguage":"fr-FR"},{"@type":"Organization","@id":"https:\/\/comiteanimationtouristiquevinsobres.fr\/#organization","name":"comit\u00e9 d'animation touristique de Vinsobres","alternateName":"CATV","url":"https:\/\/comiteanimationtouristiquevinsobres.fr\/","logo":{"@type":"ImageObject","inLanguage":"fr-FR","@id":"https:\/\/comiteanimationtouristiquevinsobres.fr\/#\/schema\/logo\/image\/","url":"http:\/\/comiteanimationtouristiquevinsobres.fr\/wp-content\/uploads\/2022\/09\/cropped-logo-CATV.png","contentUrl":"http:\/\/comiteanimationtouristiquevinsobres.fr\/wp-content\/uploads\/2022\/09\/cropped-logo-CATV.png","width":807,"height":554,"caption":"comit\u00e9 d'animation touristique de Vinsobres"},"image":{"@id":"https:\/\/comiteanimationtouristiquevinsobres.fr\/#\/schema\/logo\/image\/"}}]}},"_links":{"self":[{"href":"https:\/\/comiteanimationtouristiquevinsobres.fr\/index.php\/wp-json\/wp\/v2\/pages\/1324","targetHints":{"allow":["GET"]}}],"collection":[{"href":"https:\/\/comiteanimationtouristiquevinsobres.fr\/index.php\/wp-json\/wp\/v2\/pages"}],"about":[{"href":"https:\/\/comiteanimationtouristiquevinsobres.fr\/index.php\/wp-json\/wp\/v2\/types\/page"}],"author":[{"embeddable":true,"href":"https:\/\/comiteanimationtouristiquevinsobres.fr\/index.php\/wp-json\/wp\/v2\/users\/3"}],"replies":[{"embeddable":true,"href":"https:\/\/comiteanimationtouristiquevinsobres.fr\/index.php\/wp-json\/wp\/v2\/comments?post=1324"}],"version-history":[{"count":7,"href":"https:\/\/comiteanimationtouristiquevinsobres.fr\/index.php\/wp-json\/wp\/v2\/pages\/1324\/revisions"}],"predecessor-version":[{"id":1334,"href":"https:\/\/comiteanimationtouristiquevinsobres.fr\/index.php\/wp-json\/wp\/v2\/pages\/1324\/revisions\/1334"}],"wp:attachment":[{"href":"https:\/\/comiteanimationtouristiquevinsobres.fr\/index.php\/wp-json\/wp\/v2\/media?parent=1324"}],"curies":[{"name":"wp","href":"https:\/\/api.w.org\/{rel}","templated":true}]}}