{"id":1179,"date":"2022-10-27T17:46:40","date_gmt":"2022-10-27T15:46:40","guid":{"rendered":"http:\/\/comiteanimationtouristiquevinsobres.fr\/?page_id=1179"},"modified":"2024-02-03T09:01:58","modified_gmt":"2024-02-03T08:01:58","slug":"coming-soon-vinsobres","status":"publish","type":"page","link":"https:\/\/comiteanimationtouristiquevinsobres.fr\/index.php\/en\/coming-soon-vinsobres\/","title":{"rendered":"Coming soon in Vinsobres!"},"content":{"rendered":"\t\t<div data-elementor-type=\"wp-page\" data-elementor-id=\"1179\" class=\"elementor elementor-1179\">\n\t\t\t\t\t\t<section class=\"elementor-section elementor-top-section elementor-element elementor-element-7955fee elementor-section-boxed elementor-section-height-default elementor-section-height-default\" data-id=\"7955fee\" data-element_type=\"section\" data-e-type=\"section\">\n\t\t\t\t\t\t<div class=\"elementor-container elementor-column-gap-default\">\n\t\t\t\t\t<div class=\"elementor-column elementor-col-100 elementor-top-column elementor-element elementor-element-3b124cb\" data-id=\"3b124cb\" data-element_type=\"column\" data-e-type=\"column\">\n\t\t\t<div class=\"elementor-widget-wrap elementor-element-populated\">\n\t\t\t\t\t\t<div class=\"elementor-element elementor-element-1ad9262 elementor-widget elementor-widget-text-editor\" data-id=\"1ad9262\" data-element_type=\"widget\" data-e-type=\"widget\" data-widget_type=\"text-editor.default\">\n\t\t\t\t<div class=\"elementor-widget-container\">\n\t\t\t\t\t\t\t\t\t<h1><strong><span style=\"color: #ff0000;\">february 2024<br \/><\/span><\/strong><\/h1>\t\t\t\t\t\t\t\t<\/div>\n\t\t\t\t<\/div>\n\t\t\t\t<div class=\"elementor-element elementor-element-50b2ec3 eael-tooltip-align-center elementor-widget__width-initial elementor-absolute eael-tooltip-text-align-left elementor-widget elementor-widget-eael-tooltip\" data-id=\"50b2ec3\" data-element_type=\"widget\" data-e-type=\"widget\" data-settings=\"{&quot;_position&quot;:&quot;absolute&quot;}\" data-widget_type=\"eael-tooltip.default\">\n\t\t\t\t<div class=\"elementor-widget-container\">\n\t\t\t\t\t\t<div class=\"eael-tooltip\">\n\t\t\t\t\t<span class=\"eael-tooltip-content\" tabindex=\"0\" aria-describedby=\"tooltip-text-50b2ec3\"><\/span>\n  \t\t\t<span id=\"tooltip-text-50b2ec3\" class=\"eael-tooltip-text eael-tooltip-right\" role=\"tooltip\"><p><em>Cliquez sur les mots soulign\u00e9s pour en savoir plus<\/em><\/p><\/span>\n  \t\t\t<\/div>\n\t\t\t\t\t<\/div>\n\t\t\t\t<\/div>\n\t\t\t\t\t<\/div>\n\t\t<\/div>\n\t\t\t\t\t<\/div>\n\t\t<\/section>\n\t\t\t\t<section class=\"elementor-section elementor-top-section elementor-element elementor-element-334742d elementor-section-boxed elementor-section-height-default elementor-section-height-default\" data-id=\"334742d\" data-element_type=\"section\" data-e-type=\"section\">\n\t\t\t\t\t\t<div class=\"elementor-container elementor-column-gap-default\">\n\t\t\t\t\t<div class=\"elementor-column elementor-col-100 elementor-top-column elementor-element elementor-element-e38df4b\" data-id=\"e38df4b\" data-element_type=\"column\" data-e-type=\"column\">\n\t\t\t<div class=\"elementor-widget-wrap elementor-element-populated\">\n\t\t\t\t\t\t<div class=\"elementor-element elementor-element-4503391 elementor-widget elementor-widget-text-editor\" data-id=\"4503391\" data-element_type=\"widget\" data-e-type=\"widget\" data-widget_type=\"text-editor.default\">\n\t\t\t\t<div class=\"elementor-widget-container\">\n\t\t\t\t\t\t\t\t\t<h2><span style=\"color: #0000ff;\">Le temps de vivre<\/span> is organising its annual belote competition on :<\/h2><h2>&#8211; <span style=\"color: #ff0000;\">Saturday 10 February at 2pm<\/span> in the Salle Polyvalente.<\/h2><h2>Come and meet <span style=\"color: #0000ff;\">the young people from Vinsobres<\/span> on :<\/h2><h2>&#8211; <span style=\"color: #ff0000;\">Saturday 10 February<\/span> at the Vinsobres village hall.<\/h2><h2>They&rsquo;ll be cooking up pancakes and other delicacies&#8230; there&rsquo;ll be quizzes for young and old, games, hot drinks and more.<\/h2><h2><span style=\"color: #0000ff;\">L&rsquo;Histoire en partage<\/span> will be holding a conference on :<\/h2><h2>&#8211; <span style=\"color: #ff0000;\">Friday 16 February at 6.30pm<\/span> in the Salle Polyvalente.<\/h2><h2>\u00ab\u00a0l&rsquo;histoire des paquebots fran\u00e7ais de la Compagnie G\u00e9n\u00e9rale Transatlantique (french line) &#8211; sur la ligne de l&rsquo;Atlantique Nord- du Louisiane au France III\u00a0\u00bb by Dirk Van Geertruy.<\/h2>\t\t\t\t\t\t\t\t<\/div>\n\t\t\t\t<\/div>\n\t\t\t\t<div class=\"elementor-element elementor-element-6c23444 elementor-align-center elementor-widget elementor-widget-button\" data-id=\"6c23444\" data-element_type=\"widget\" data-e-type=\"widget\" data-widget_type=\"button.default\">\n\t\t\t\t<div class=\"elementor-widget-container\">\n\t\t\t\t\t\t\t\t\t<div class=\"elementor-button-wrapper\">\n\t\t\t\t\t<a class=\"elementor-button elementor-button-link elementor-size-md\" href=\"http:\/\/comiteanimationtouristiquevinsobres.fr\/index.php\/en\/vinsobres-tourist-activities-committee-2\/\">\n\t\t\t\t\t\t<span class=\"elementor-button-content-wrapper\">\n\t\t\t\t\t\t\t\t\t<span class=\"elementor-button-text\">Home Page<\/span>\n\t\t\t\t\t<\/span>\n\t\t\t\t\t<\/a>\n\t\t\t\t<\/div>\n\t\t\t\t\t\t\t\t<\/div>\n\t\t\t\t<\/div>\n\t\t\t\t\t<\/div>\n\t\t<\/div>\n\t\t\t\t\t<\/div>\n\t\t<\/section>\n\t\t\t\t<\/div>\n\t\t","protected":false},"excerpt":{"rendered":"<p>february 2024 Cliquez sur les mots soulign\u00e9s pour en savoir plus Le temps de vivre is organising its annual belote competition on : &#8211; Saturday 10 February at 2pm in the Salle Polyvalente. Come and meet the young people from Vinsobres on : &#8211; Saturday 10 February at the Vinsobres village hall. They&rsquo;ll be cooking [&hellip;]<\/p>\n","protected":false},"author":3,"featured_media":0,"parent":0,"menu_order":0,"comment_status":"closed","ping_status":"closed","template":"","meta":{"ocean_post_layout":"","ocean_both_sidebars_style":"","ocean_both_sidebars_content_width":0,"ocean_both_sidebars_sidebars_width":0,"ocean_sidebar":"0","ocean_second_sidebar":"0","ocean_disable_margins":"enable","ocean_add_body_class":"","ocean_shortcode_before_top_bar":"","ocean_shortcode_after_top_bar":"","ocean_shortcode_before_header":"","ocean_shortcode_after_header":"","ocean_has_shortcode":"","ocean_shortcode_after_title":"","ocean_shortcode_before_footer_widgets":"","ocean_shortcode_after_footer_widgets":"","ocean_shortcode_before_footer_bottom":"","ocean_shortcode_after_footer_bottom":"","ocean_display_top_bar":"default","ocean_display_header":"default","ocean_header_style":"","ocean_center_header_left_menu":"0","ocean_custom_header_template":"0","ocean_custom_logo":0,"ocean_custom_retina_logo":0,"ocean_custom_logo_max_width":0,"ocean_custom_logo_tablet_max_width":0,"ocean_custom_logo_mobile_max_width":0,"ocean_custom_logo_max_height":0,"ocean_custom_logo_tablet_max_height":0,"ocean_custom_logo_mobile_max_height":0,"ocean_header_custom_menu":"0","ocean_menu_typo_font_family":"0","ocean_menu_typo_font_subset":"","ocean_menu_typo_font_size":0,"ocean_menu_typo_font_size_tablet":0,"ocean_menu_typo_font_size_mobile":0,"ocean_menu_typo_font_size_unit":"px","ocean_menu_typo_font_weight":"","ocean_menu_typo_font_weight_tablet":"","ocean_menu_typo_font_weight_mobile":"","ocean_menu_typo_transform":"","ocean_menu_typo_transform_tablet":"","ocean_menu_typo_transform_mobile":"","ocean_menu_typo_line_height":0,"ocean_menu_typo_line_height_tablet":0,"ocean_menu_typo_line_height_mobile":0,"ocean_menu_typo_line_height_unit":"","ocean_menu_typo_spacing":0,"ocean_menu_typo_spacing_tablet":0,"ocean_menu_typo_spacing_mobile":0,"ocean_menu_typo_spacing_unit":"","ocean_menu_link_color":"","ocean_menu_link_color_hover":"","ocean_menu_link_color_active":"","ocean_menu_link_background":"","ocean_menu_link_hover_background":"","ocean_menu_link_active_background":"","ocean_menu_social_links_bg":"","ocean_menu_social_hover_links_bg":"","ocean_menu_social_links_color":"","ocean_menu_social_hover_links_color":"","ocean_disable_title":"default","ocean_disable_heading":"default","ocean_post_title":"","ocean_post_subheading":"","ocean_post_title_style":"","ocean_post_title_background_color":"","ocean_post_title_background":0,"ocean_post_title_bg_image_position":"","ocean_post_title_bg_image_attachment":"","ocean_post_title_bg_image_repeat":"","ocean_post_title_bg_image_size":"","ocean_post_title_height":0,"ocean_post_title_bg_overlay":0.5,"ocean_post_title_bg_overlay_color":"","ocean_disable_breadcrumbs":"default","ocean_breadcrumbs_color":"","ocean_breadcrumbs_separator_color":"","ocean_breadcrumbs_links_color":"","ocean_breadcrumbs_links_hover_color":"","ocean_display_footer_widgets":"default","ocean_display_footer_bottom":"default","ocean_custom_footer_template":"0","footnotes":""},"class_list":["post-1179","page","type-page","status-publish","hentry","entry"],"yoast_head":"<!-- This site is optimized with the Yoast SEO plugin v27.5 - https:\/\/yoast.com\/product\/yoast-seo-wordpress\/ -->\n<title>Coming soon in Vinsobres!<\/title>\n<meta name=\"description\" content=\"The tourist activities and entertainment offered by the C.A.T.V. and the other wine associations in 2022-2023.\" \/>\n<meta name=\"robots\" content=\"index, follow, max-snippet:-1, max-image-preview:large, max-video-preview:-1\" \/>\n<link rel=\"canonical\" href=\"https:\/\/comiteanimationtouristiquevinsobres.fr\/index.php\/en\/coming-soon-vinsobres\/\" \/>\n<meta property=\"og:locale\" content=\"fr_FR\" \/>\n<meta property=\"og:type\" content=\"article\" \/>\n<meta property=\"og:title\" content=\"Coming soon in Vinsobres!\" \/>\n<meta property=\"og:description\" content=\"The tourist activities and entertainment offered by the C.A.T.V. and the other wine associations in 2022-2023.\" \/>\n<meta property=\"og:url\" content=\"https:\/\/comiteanimationtouristiquevinsobres.fr\/index.php\/en\/coming-soon-vinsobres\/\" \/>\n<meta property=\"og:site_name\" content=\"Comit\u00e9 d&#039;Animation Touristique de Vinsobres\" \/>\n<meta property=\"article:modified_time\" content=\"2024-02-03T08:01:58+00:00\" \/>\n<meta name=\"twitter:card\" content=\"summary_large_image\" \/>\n<meta name=\"twitter:label1\" content=\"Dur\u00e9e de lecture estim\u00e9e\" \/>\n\t<meta name=\"twitter:data1\" content=\"1 minute\" \/>\n<script type=\"application\/ld+json\" class=\"yoast-schema-graph\">{\"@context\":\"https:\\\/\\\/schema.org\",\"@graph\":[{\"@type\":\"WebPage\",\"@id\":\"https:\\\/\\\/comiteanimationtouristiquevinsobres.fr\\\/index.php\\\/en\\\/coming-soon-vinsobres\\\/\",\"url\":\"https:\\\/\\\/comiteanimationtouristiquevinsobres.fr\\\/index.php\\\/en\\\/coming-soon-vinsobres\\\/\",\"name\":\"Coming soon in Vinsobres!\",\"isPartOf\":{\"@id\":\"https:\\\/\\\/comiteanimationtouristiquevinsobres.fr\\\/#website\"},\"datePublished\":\"2022-10-27T15:46:40+00:00\",\"dateModified\":\"2024-02-03T08:01:58+00:00\",\"description\":\"The tourist activities and entertainment offered by the C.A.T.V. and the other wine associations in 2022-2023.\",\"breadcrumb\":{\"@id\":\"https:\\\/\\\/comiteanimationtouristiquevinsobres.fr\\\/index.php\\\/en\\\/coming-soon-vinsobres\\\/#breadcrumb\"},\"inLanguage\":\"fr-FR\",\"potentialAction\":[{\"@type\":\"ReadAction\",\"target\":[\"https:\\\/\\\/comiteanimationtouristiquevinsobres.fr\\\/index.php\\\/en\\\/coming-soon-vinsobres\\\/\"]}]},{\"@type\":\"BreadcrumbList\",\"@id\":\"https:\\\/\\\/comiteanimationtouristiquevinsobres.fr\\\/index.php\\\/en\\\/coming-soon-vinsobres\\\/#breadcrumb\",\"itemListElement\":[{\"@type\":\"ListItem\",\"position\":1,\"name\":\"Accueil\",\"item\":\"https:\\\/\\\/comiteanimationtouristiquevinsobres.fr\\\/\"},{\"@type\":\"ListItem\",\"position\":2,\"name\":\"Coming soon in Vinsobres!\"}]},{\"@type\":\"WebSite\",\"@id\":\"https:\\\/\\\/comiteanimationtouristiquevinsobres.fr\\\/#website\",\"url\":\"https:\\\/\\\/comiteanimationtouristiquevinsobres.fr\\\/\",\"name\":\"Comit\u00e9 d&#039;Animation Touristique de Vinsobres\",\"description\":\"Une pr\u00e9sentation de toutes les activit\u00e9s annuelles organis\u00e9es par le comit\u00e9 pour les touristes  \u00e0 Vinsobres\",\"publisher\":{\"@id\":\"https:\\\/\\\/comiteanimationtouristiquevinsobres.fr\\\/#organization\"},\"alternateName\":\"CATV Vinsobres\",\"potentialAction\":[{\"@type\":\"SearchAction\",\"target\":{\"@type\":\"EntryPoint\",\"urlTemplate\":\"https:\\\/\\\/comiteanimationtouristiquevinsobres.fr\\\/?s={search_term_string}\"},\"query-input\":{\"@type\":\"PropertyValueSpecification\",\"valueRequired\":true,\"valueName\":\"search_term_string\"}}],\"inLanguage\":\"fr-FR\"},{\"@type\":\"Organization\",\"@id\":\"https:\\\/\\\/comiteanimationtouristiquevinsobres.fr\\\/#organization\",\"name\":\"comit\u00e9 d'animation touristique de Vinsobres\",\"alternateName\":\"CATV\",\"url\":\"https:\\\/\\\/comiteanimationtouristiquevinsobres.fr\\\/\",\"logo\":{\"@type\":\"ImageObject\",\"inLanguage\":\"fr-FR\",\"@id\":\"https:\\\/\\\/comiteanimationtouristiquevinsobres.fr\\\/#\\\/schema\\\/logo\\\/image\\\/\",\"url\":\"http:\\\/\\\/comiteanimationtouristiquevinsobres.fr\\\/wp-content\\\/uploads\\\/2022\\\/09\\\/cropped-logo-CATV.png\",\"contentUrl\":\"http:\\\/\\\/comiteanimationtouristiquevinsobres.fr\\\/wp-content\\\/uploads\\\/2022\\\/09\\\/cropped-logo-CATV.png\",\"width\":807,\"height\":554,\"caption\":\"comit\u00e9 d'animation touristique de Vinsobres\"},\"image\":{\"@id\":\"https:\\\/\\\/comiteanimationtouristiquevinsobres.fr\\\/#\\\/schema\\\/logo\\\/image\\\/\"}}]}<\/script>\n<!-- \/ Yoast SEO plugin. -->","yoast_head_json":{"title":"Coming soon in Vinsobres!","description":"The tourist activities and entertainment offered by the C.A.T.V. and the other wine associations in 2022-2023.","robots":{"index":"index","follow":"follow","max-snippet":"max-snippet:-1","max-image-preview":"max-image-preview:large","max-video-preview":"max-video-preview:-1"},"canonical":"https:\/\/comiteanimationtouristiquevinsobres.fr\/index.php\/en\/coming-soon-vinsobres\/","og_locale":"fr_FR","og_type":"article","og_title":"Coming soon in Vinsobres!","og_description":"The tourist activities and entertainment offered by the C.A.T.V. and the other wine associations in 2022-2023.","og_url":"https:\/\/comiteanimationtouristiquevinsobres.fr\/index.php\/en\/coming-soon-vinsobres\/","og_site_name":"Comit\u00e9 d&#039;Animation Touristique de Vinsobres","article_modified_time":"2024-02-03T08:01:58+00:00","twitter_card":"summary_large_image","twitter_misc":{"Dur\u00e9e de lecture estim\u00e9e":"1 minute"},"schema":{"@context":"https:\/\/schema.org","@graph":[{"@type":"WebPage","@id":"https:\/\/comiteanimationtouristiquevinsobres.fr\/index.php\/en\/coming-soon-vinsobres\/","url":"https:\/\/comiteanimationtouristiquevinsobres.fr\/index.php\/en\/coming-soon-vinsobres\/","name":"Coming soon in Vinsobres!","isPartOf":{"@id":"https:\/\/comiteanimationtouristiquevinsobres.fr\/#website"},"datePublished":"2022-10-27T15:46:40+00:00","dateModified":"2024-02-03T08:01:58+00:00","description":"The tourist activities and entertainment offered by the C.A.T.V. and the other wine associations in 2022-2023.","breadcrumb":{"@id":"https:\/\/comiteanimationtouristiquevinsobres.fr\/index.php\/en\/coming-soon-vinsobres\/#breadcrumb"},"inLanguage":"fr-FR","potentialAction":[{"@type":"ReadAction","target":["https:\/\/comiteanimationtouristiquevinsobres.fr\/index.php\/en\/coming-soon-vinsobres\/"]}]},{"@type":"BreadcrumbList","@id":"https:\/\/comiteanimationtouristiquevinsobres.fr\/index.php\/en\/coming-soon-vinsobres\/#breadcrumb","itemListElement":[{"@type":"ListItem","position":1,"name":"Accueil","item":"https:\/\/comiteanimationtouristiquevinsobres.fr\/"},{"@type":"ListItem","position":2,"name":"Coming soon in Vinsobres!"}]},{"@type":"WebSite","@id":"https:\/\/comiteanimationtouristiquevinsobres.fr\/#website","url":"https:\/\/comiteanimationtouristiquevinsobres.fr\/","name":"Comit\u00e9 d&#039;Animation Touristique de Vinsobres","description":"Une pr\u00e9sentation de toutes les activit\u00e9s annuelles organis\u00e9es par le comit\u00e9 pour les touristes  \u00e0 Vinsobres","publisher":{"@id":"https:\/\/comiteanimationtouristiquevinsobres.fr\/#organization"},"alternateName":"CATV Vinsobres","potentialAction":[{"@type":"SearchAction","target":{"@type":"EntryPoint","urlTemplate":"https:\/\/comiteanimationtouristiquevinsobres.fr\/?s={search_term_string}"},"query-input":{"@type":"PropertyValueSpecification","valueRequired":true,"valueName":"search_term_string"}}],"inLanguage":"fr-FR"},{"@type":"Organization","@id":"https:\/\/comiteanimationtouristiquevinsobres.fr\/#organization","name":"comit\u00e9 d'animation touristique de Vinsobres","alternateName":"CATV","url":"https:\/\/comiteanimationtouristiquevinsobres.fr\/","logo":{"@type":"ImageObject","inLanguage":"fr-FR","@id":"https:\/\/comiteanimationtouristiquevinsobres.fr\/#\/schema\/logo\/image\/","url":"http:\/\/comiteanimationtouristiquevinsobres.fr\/wp-content\/uploads\/2022\/09\/cropped-logo-CATV.png","contentUrl":"http:\/\/comiteanimationtouristiquevinsobres.fr\/wp-content\/uploads\/2022\/09\/cropped-logo-CATV.png","width":807,"height":554,"caption":"comit\u00e9 d'animation touristique de Vinsobres"},"image":{"@id":"https:\/\/comiteanimationtouristiquevinsobres.fr\/#\/schema\/logo\/image\/"}}]}},"_links":{"self":[{"href":"https:\/\/comiteanimationtouristiquevinsobres.fr\/index.php\/wp-json\/wp\/v2\/pages\/1179","targetHints":{"allow":["GET"]}}],"collection":[{"href":"https:\/\/comiteanimationtouristiquevinsobres.fr\/index.php\/wp-json\/wp\/v2\/pages"}],"about":[{"href":"https:\/\/comiteanimationtouristiquevinsobres.fr\/index.php\/wp-json\/wp\/v2\/types\/page"}],"author":[{"embeddable":true,"href":"https:\/\/comiteanimationtouristiquevinsobres.fr\/index.php\/wp-json\/wp\/v2\/users\/3"}],"replies":[{"embeddable":true,"href":"https:\/\/comiteanimationtouristiquevinsobres.fr\/index.php\/wp-json\/wp\/v2\/comments?post=1179"}],"version-history":[{"count":146,"href":"https:\/\/comiteanimationtouristiquevinsobres.fr\/index.php\/wp-json\/wp\/v2\/pages\/1179\/revisions"}],"predecessor-version":[{"id":4149,"href":"https:\/\/comiteanimationtouristiquevinsobres.fr\/index.php\/wp-json\/wp\/v2\/pages\/1179\/revisions\/4149"}],"wp:attachment":[{"href":"https:\/\/comiteanimationtouristiquevinsobres.fr\/index.php\/wp-json\/wp\/v2\/media?parent=1179"}],"curies":[{"name":"wp","href":"https:\/\/api.w.org\/{rel}","templated":true}]}}